{"id":6991,"date":"2024-02-01T00:44:05","date_gmt":"2024-02-01T00:44:05","guid":{"rendered":"https:\/\/bsac-egypt.com\/wie-man-ein-bsac-center-wird\/"},"modified":"2024-06-04T22:06:28","modified_gmt":"2024-06-04T22:06:28","slug":"wie-man-ein-bsac-center-wird","status":"publish","type":"page","link":"https:\/\/bsac-egypt.com\/de\/wie-man-ein-bsac-center-wird\/","title":{"rendered":"Wie man ein BSAC-Center wird"},"content":{"rendered":"<div class=\"fusion-fullwidth fullwidth-box fusion-builder-row-1 fusion-flex-container has-pattern-background has-mask-background nonhundred-percent-fullwidth non-hundred-percent-height-scrolling\" style=\"background-color: rgba(255,255,255,0);background-position: center center;background-repeat: no-repeat;border-width: 0px 0px 0px 0px;border-color:#eae9e9;border-style:solid;\" ><div class=\"fusion-builder-row fusion-row fusion-flex-align-items-flex-start\" style=\"max-width:1216.8px;margin-left: calc(-4% \/ 2 );margin-right: calc(-4% \/ 2 );\"><div class=\"fusion-layout-column fusion_builder_column fusion-builder-column-0 fusion_builder_column_1_1 1_1 fusion-flex-column\"><div class=\"fusion-column-wrapper fusion-flex-justify-content-flex-start fusion-content-layout-column\" style=\"background-position:left top;background-repeat:no-repeat;-webkit-background-size:cover;-moz-background-size:cover;-o-background-size:cover;background-size:cover;padding: 0px 0px 0px 0px;\"><div class=\"fusion-text fusion-text-1\"><p><span style=\"font-weight: 400;\">Wenn Sie ein BSAC-Center werden, bilden Sie Menschen zu hochkompetenten, selbst\u00e4ndigen Tauchern mit ausgezeichneten praktischen, theoretischen und sicherheitstechnischen F\u00e4higkeiten aus. Sicherheit ist das Herzst\u00fcck der BSAC-Ausbildung. Sie bilden Taucher aus, die nach den Standards des BSAC tauchen.  <\/span><a href=\"https:\/\/www.bsac.com\/safety\/bsacs-safe-diving-guide\/\"><br \/>\n  <span style=\"font-weight: 400;\">Leitfaden f\u00fcr sicheres Tauchen<\/span><br \/>\n<\/a><span style=\"font-weight: 400;\">.<\/span><\/p>\n<p><span style=\"font-weight: 400;\">Zentren, die bereits BSAC-Instruktoren haben, k\u00f6nnen sofort loslegen, und f\u00fcr Zentren mit Nicht-BSAC-Instruktoren gibt es einen einfachen Instructor Crossover-Prozess.<\/span><\/p>\n<p><span style=\"font-weight: 400;\">Es gibt 7 Kategorien von BSAC-Zentren&#8230;  <\/span><\/p>\n<table class=\"dataframe\" border=\"3\">\n<thead><\/thead>\n<tbody>\n<tr>\n<td><strong>Zentrum Typ<\/strong><\/td>\n<td><strong>Kann trainieren bis zu<\/strong><\/td>\n<td><strong>Anforderungen an den Ausbilder<\/strong><\/td>\n<td><strong>J\u00e4hrliche Geb\u00fchren<\/strong><\/td>\n<\/tr>\n<tr>\n<td>Ausbildungszentrum f\u00fcr Taucher<\/td>\n<td>Tauchgangsleiter<\/td>\n<td>Open Water Instruktor<\/td>\n<td>\u00a3250<\/td>\n<\/tr>\n<tr>\n<td>Premier Centre<\/td>\n<td>Fortgeschrittener Taucher<\/td>\n<td>Fortgeschrittener Ausbilder<\/td>\n<td>\u00a3250<\/td>\n<\/tr>\n<tr>\n<td>Exzellenzzentrum<\/td>\n<td>Fortgeschrittener Ausbilder<\/td>\n<td>Nationaler Ausbilder<\/td>\n<td>\u00a3250<\/td>\n<\/tr>\n<tr>\n<td>Technisches Zentrum<\/td>\n<td>Technische Kurse<\/td>\n<td>Technischer Ausbilder<\/td>\n<td>\u00a3250<\/td>\n<\/tr>\n<tr>\n<td>Zentrum f\u00fcr Seemannschaft<\/td>\n<td>Kurse in Seemannschaft<\/td>\n<td>Ausbilder f\u00fcr Seemannschaft<\/td>\n<td>\u00a3250<\/td>\n<\/tr>\n<tr>\n<td>Resort Zentrum<\/td>\n<td>Es wird keine Ausbildung angeboten, aber Sie sind dem BSAC angeschlossen.<\/td>\n<td><\/td>\n<td>\u00a3250<\/td>\n<\/tr>\n<tr>\n<td>Schnorchelzentrum<\/td>\n<td>Schnorchel-Taucher<\/td>\n<td>Schnorchel-Lehrer<\/td>\n<td>\u00a360<\/td>\n<\/tr>\n<\/tbody>\n<\/table>\n<p><b>F\u00fcr weitere Informationen dar\u00fcber, wie Sie ein BSAC-Zentrum werden k\u00f6nnen, kontaktieren Sie uns bitte unter +201010122548<\/b><\/p>\n<\/div><\/div><style type=\"text\/css\">.fusion-body .fusion-builder-column-0{width:100% !important;margin-top : 0px;margin-bottom : 20px;}.fusion-builder-column-0 > .fusion-column-wrapper {padding-top : 0px !important;padding-right : 0px !important;margin-right : 1.92%;padding-bottom : 0px !important;padding-left : 0px !important;margin-left : 1.92%;}@media only screen and (max-width:1024px) {.fusion-body .fusion-builder-column-0{width:100% !important;order : 0;}.fusion-builder-column-0 > .fusion-column-wrapper {margin-right : 1.92%;margin-left : 1.92%;}}@media only screen and (max-width:640px) {.fusion-body .fusion-builder-column-0{width:100% !important;order : 0;}.fusion-builder-column-0 > .fusion-column-wrapper {margin-right : 1.92%;margin-left : 1.92%;}}<\/style><\/div><\/div><style type=\"text\/css\">.fusion-body .fusion-flex-container.fusion-builder-row-1{ padding-top : 0px;margin-top : 0px;padding-right : 0px;padding-bottom : 0px;margin-bottom : 0px;padding-left : 0px;}<\/style><\/div>\n","protected":false},"excerpt":{"rendered":"","protected":false},"author":1,"featured_media":0,"parent":0,"menu_order":0,"comment_status":"closed","ping_status":"closed","template":"100-width.php","meta":{"om_disable_all_campaigns":false,"_monsterinsights_skip_tracking":false,"_monsterinsights_sitenote_active":false,"_monsterinsights_sitenote_note":"","_monsterinsights_sitenote_category":0,"footnotes":""},"class_list":["post-6991","page","type-page","status-publish","hentry"],"yoast_head":"<!-- This site is optimized with the Yoast SEO plugin v27.4 - https:\/\/yoast.com\/product\/yoast-seo-wordpress\/ -->\n<title>Wie man ein BSAC-Center wird - BSAC Egypt<\/title>\n<meta name=\"robots\" content=\"index, follow, max-snippet:-1, max-image-preview:large, max-video-preview:-1\" \/>\n<link rel=\"canonical\" href=\"https:\/\/bsac-egypt.com\/de\/wie-man-ein-bsac-center-wird\/\" \/>\n<meta property=\"og:locale\" content=\"de_DE\" \/>\n<meta property=\"og:type\" content=\"article\" \/>\n<meta property=\"og:title\" content=\"Wie man ein BSAC-Center wird - BSAC Egypt\" \/>\n<meta property=\"og:url\" content=\"https:\/\/bsac-egypt.com\/de\/wie-man-ein-bsac-center-wird\/\" \/>\n<meta property=\"og:site_name\" content=\"BSAC Egypt\" \/>\n<meta property=\"article:modified_time\" content=\"2024-06-04T22:06:28+00:00\" \/>\n<meta name=\"twitter:card\" content=\"summary_large_image\" \/>\n<meta name=\"twitter:label1\" content=\"Gesch\u00e4tzte Lesezeit\" \/>\n\t<meta name=\"twitter:data1\" content=\"5\u00a0Minuten\" \/>\n<script type=\"application\/ld+json\" class=\"yoast-schema-graph\">{\"@context\":\"https:\\\/\\\/schema.org\",\"@graph\":[{\"@type\":\"WebPage\",\"@id\":\"https:\\\/\\\/bsac-egypt.com\\\/de\\\/wie-man-ein-bsac-center-wird\\\/\",\"url\":\"https:\\\/\\\/bsac-egypt.com\\\/de\\\/wie-man-ein-bsac-center-wird\\\/\",\"name\":\"Wie man ein BSAC-Center wird - BSAC Egypt\",\"isPartOf\":{\"@id\":\"https:\\\/\\\/bsac-egypt.com\\\/de\\\/#website\"},\"datePublished\":\"2024-02-01T00:44:05+00:00\",\"dateModified\":\"2024-06-04T22:06:28+00:00\",\"breadcrumb\":{\"@id\":\"https:\\\/\\\/bsac-egypt.com\\\/de\\\/wie-man-ein-bsac-center-wird\\\/#breadcrumb\"},\"inLanguage\":\"de\",\"potentialAction\":[{\"@type\":\"ReadAction\",\"target\":[\"https:\\\/\\\/bsac-egypt.com\\\/de\\\/wie-man-ein-bsac-center-wird\\\/\"]}]},{\"@type\":\"BreadcrumbList\",\"@id\":\"https:\\\/\\\/bsac-egypt.com\\\/de\\\/wie-man-ein-bsac-center-wird\\\/#breadcrumb\",\"itemListElement\":[{\"@type\":\"ListItem\",\"position\":1,\"name\":\"Home\",\"item\":\"https:\\\/\\\/bsac-egypt.com\\\/de\\\/bsac-aegypten\\\/\"},{\"@type\":\"ListItem\",\"position\":2,\"name\":\"Wie man ein BSAC-Center wird\"}]},{\"@type\":\"WebSite\",\"@id\":\"https:\\\/\\\/bsac-egypt.com\\\/de\\\/#website\",\"url\":\"https:\\\/\\\/bsac-egypt.com\\\/de\\\/\",\"name\":\"BSAC Egypt\",\"description\":\"\",\"potentialAction\":[{\"@type\":\"SearchAction\",\"target\":{\"@type\":\"EntryPoint\",\"urlTemplate\":\"https:\\\/\\\/bsac-egypt.com\\\/de\\\/?s={search_term_string}\"},\"query-input\":{\"@type\":\"PropertyValueSpecification\",\"valueRequired\":true,\"valueName\":\"search_term_string\"}}],\"inLanguage\":\"de\"}]}<\/script>\n<!-- \/ Yoast SEO plugin. -->","yoast_head_json":{"title":"Wie man ein BSAC-Center wird - BSAC Egypt","robots":{"index":"index","follow":"follow","max-snippet":"max-snippet:-1","max-image-preview":"max-image-preview:large","max-video-preview":"max-video-preview:-1"},"canonical":"https:\/\/bsac-egypt.com\/de\/wie-man-ein-bsac-center-wird\/","og_locale":"de_DE","og_type":"article","og_title":"Wie man ein BSAC-Center wird - BSAC Egypt","og_url":"https:\/\/bsac-egypt.com\/de\/wie-man-ein-bsac-center-wird\/","og_site_name":"BSAC Egypt","article_modified_time":"2024-06-04T22:06:28+00:00","twitter_card":"summary_large_image","twitter_misc":{"Gesch\u00e4tzte Lesezeit":"5\u00a0Minuten"},"schema":{"@context":"https:\/\/schema.org","@graph":[{"@type":"WebPage","@id":"https:\/\/bsac-egypt.com\/de\/wie-man-ein-bsac-center-wird\/","url":"https:\/\/bsac-egypt.com\/de\/wie-man-ein-bsac-center-wird\/","name":"Wie man ein BSAC-Center wird - BSAC Egypt","isPartOf":{"@id":"https:\/\/bsac-egypt.com\/de\/#website"},"datePublished":"2024-02-01T00:44:05+00:00","dateModified":"2024-06-04T22:06:28+00:00","breadcrumb":{"@id":"https:\/\/bsac-egypt.com\/de\/wie-man-ein-bsac-center-wird\/#breadcrumb"},"inLanguage":"de","potentialAction":[{"@type":"ReadAction","target":["https:\/\/bsac-egypt.com\/de\/wie-man-ein-bsac-center-wird\/"]}]},{"@type":"BreadcrumbList","@id":"https:\/\/bsac-egypt.com\/de\/wie-man-ein-bsac-center-wird\/#breadcrumb","itemListElement":[{"@type":"ListItem","position":1,"name":"Home","item":"https:\/\/bsac-egypt.com\/de\/bsac-aegypten\/"},{"@type":"ListItem","position":2,"name":"Wie man ein BSAC-Center wird"}]},{"@type":"WebSite","@id":"https:\/\/bsac-egypt.com\/de\/#website","url":"https:\/\/bsac-egypt.com\/de\/","name":"BSAC Egypt","description":"","potentialAction":[{"@type":"SearchAction","target":{"@type":"EntryPoint","urlTemplate":"https:\/\/bsac-egypt.com\/de\/?s={search_term_string}"},"query-input":{"@type":"PropertyValueSpecification","valueRequired":true,"valueName":"search_term_string"}}],"inLanguage":"de"}]}},"_links":{"self":[{"href":"https:\/\/bsac-egypt.com\/de\/wp-json\/wp\/v2\/pages\/6991","targetHints":{"allow":["GET"]}}],"collection":[{"href":"https:\/\/bsac-egypt.com\/de\/wp-json\/wp\/v2\/pages"}],"about":[{"href":"https:\/\/bsac-egypt.com\/de\/wp-json\/wp\/v2\/types\/page"}],"author":[{"embeddable":true,"href":"https:\/\/bsac-egypt.com\/de\/wp-json\/wp\/v2\/users\/1"}],"replies":[{"embeddable":true,"href":"https:\/\/bsac-egypt.com\/de\/wp-json\/wp\/v2\/comments?post=6991"}],"version-history":[{"count":4,"href":"https:\/\/bsac-egypt.com\/de\/wp-json\/wp\/v2\/pages\/6991\/revisions"}],"predecessor-version":[{"id":7026,"href":"https:\/\/bsac-egypt.com\/de\/wp-json\/wp\/v2\/pages\/6991\/revisions\/7026"}],"wp:attachment":[{"href":"https:\/\/bsac-egypt.com\/de\/wp-json\/wp\/v2\/media?parent=6991"}],"curies":[{"name":"wp","href":"https:\/\/api.w.org\/{rel}","templated":true}]}}