{"id":7062,"date":"2024-02-01T00:38:29","date_gmt":"2024-02-01T00:38:29","guid":{"rendered":"https:\/\/bsac-egypt.com\/wechsel-zu-bsac\/"},"modified":"2024-06-04T22:06:41","modified_gmt":"2024-06-04T22:06:41","slug":"wechsel-zu-bsac","status":"publish","type":"page","link":"https:\/\/bsac-egypt.com\/de\/wechsel-zu-bsac\/","title":{"rendered":"Wechsel zu BSAC"},"content":{"rendered":"<div class=\"fusion-fullwidth fullwidth-box fusion-builder-row-1 fusion-flex-container has-pattern-background has-mask-background nonhundred-percent-fullwidth non-hundred-percent-height-scrolling\" style=\"background-color: rgba(255,255,255,0);background-position: center center;background-repeat: no-repeat;border-width: 0px 0px 0px 0px;border-color:#eae9e9;border-style:solid;\" ><div class=\"fusion-builder-row fusion-row fusion-flex-align-items-flex-start\" style=\"max-width:1216.8px;margin-left: calc(-4% \/ 2 );margin-right: calc(-4% \/ 2 );\"><div class=\"fusion-layout-column fusion_builder_column fusion-builder-column-0 fusion_builder_column_1_1 1_1 fusion-flex-column\"><div class=\"fusion-column-wrapper fusion-flex-justify-content-flex-start fusion-content-layout-column\" style=\"background-position:left top;background-repeat:no-repeat;-webkit-background-size:cover;-moz-background-size:cover;-o-background-size:cover;background-size:cover;padding: 0px 0px 0px 0px;\"><div class=\"fusion-text fusion-text-1\"><p><span style=\"font-weight: 400;\">Wenn Sie sich bei PADI, SSI, SDI oder einer anderen Organisation qualifiziert haben, m\u00f6chten Sie vielleicht wieder ins Wasser gehen und wissen nicht, wo Sie anfangen sollen? Wenn Sie das sind, sind Sie hier genau richtig. Das Tolle daran, dass Sie bereits qualifiziert sind (und hoffentlich auch schon eine Leidenschaft f\u00fcr den Sport haben), ist, dass der \u00dcbergang zum BSAC ganz einfach ist. Die Qualifikationen anderer Agenturen werden anerkannt (PADI, SSI, SDI usw.) und es ist keine weitere Ausbildung erforderlich, es sei denn, Sie m\u00f6chten eine fortgeschrittenere Tauchausbildung absolvieren.<\/span><\/p>\n<p><span style=\"font-weight: 400;\">Wenn Sie Ihre Ausbildung mit einer fortgeschritteneren Tauchzertifizierung fortsetzen m\u00f6chten, wird Ihr Tauchergrad anerkannt, so dass Sie in den n\u00e4chsth\u00f6heren BSAC-Grad aufsteigen k\u00f6nnen (Sie brauchen keine Umschulung, Sie k\u00f6nnen einfach aufsteigen).<\/span><\/p>\n<ul>\n<li style=\"font-weight: 400;\" aria-level=\"1\"><span style=\"font-weight: 400;\">Haben Sie ein PADI Open Water Zertifikat? Diese Qualifikation ist vergleichbar mit:  <\/span><a href=\"https:\/\/www.bsac.com\/training\/diver-grade-courses\/ocean-diver\/\"><span style=\"font-weight: 400;\">BSAC Ozean-Taucher<\/span><\/a><\/li>\n<li style=\"font-weight: 400;\" aria-level=\"1\"><span style=\"font-weight: 400;\">Haben Sie eine PADI Advanced Open Water Zertifizierung? Diese Qualifikation ist vergleichbar mit:  <\/span><a href=\"https:\/\/www.bsac.com\/training\/diver-grade-courses\/ocean-diver\/\"><span style=\"font-weight: 400;\">BSAC Advanced Ocean Diver<\/span><\/a><\/li>\n<li style=\"font-weight: 400;\" aria-level=\"1\"><span style=\"font-weight: 400;\">Haben Sie ein PADI Rettungszertifikat? Diese Qualifikation ist vergleichbar mit:  <\/span><a href=\"https:\/\/www.bsac.com\/training\/diver-grade-courses\/ocean-diver\/\"><span style=\"font-weight: 400;\">BSAC Sport Taucher<\/span><\/a><span style=\"font-weight: 400;\"> <\/span><\/li>\n<li style=\"font-weight: 400;\" aria-level=\"1\"><span style=\"font-weight: 400;\">Haben Sie ein PADI Dive Master Zertifikat? Diese Qualifikation ist vergleichbar mit BSAC Dive Leader<\/span><\/li>\n<li style=\"font-weight: 400;\" aria-level=\"1\"><span style=\"font-weight: 400;\">Haben Sie ein PADI Schnorchelf\u00fchrer-Zertifikat? Diese Qualifikation ist vergleichbar mit dem BSAC Snorkel Dive Manager  <\/span><\/li>\n<\/ul>\n<p><span style=\"font-weight: 400;\">Wie sieht es mit dem Wechsel des Ausbilders und der Weiterentwicklung aus?<\/span><\/p>\n<p><span style=\"font-weight: 400;\">Instruktoren m\u00fcssen einen Crossover-Kurs absolvieren, wenn sie BSAC-Kurse unterrichten m\u00f6chten. BSAC hei\u00dft Tauchlehrer aller Agenturen willkommen, die sich anschlie\u00dfen und \u00fcberwechseln m\u00f6chten. Sie k\u00f6nnen sogar ihren Tauchlehrergrad vom Open Water Instructor zum Advanced Instructor und National Instructor erh\u00f6hen.<\/span><\/p>\n<p><b>F\u00fcr weitere Informationen \u00fcber den Wechsel zu BSAC, kontaktieren Sie uns bitte unter +201010122548<\/b><\/p>\n<\/div><\/div><style type=\"text\/css\">.fusion-body .fusion-builder-column-0{width:100% !important;margin-top : 0px;margin-bottom : 20px;}.fusion-builder-column-0 > .fusion-column-wrapper {padding-top : 0px !important;padding-right : 0px !important;margin-right : 1.92%;padding-bottom : 0px !important;padding-left : 0px !important;margin-left : 1.92%;}@media only screen and (max-width:1024px) {.fusion-body .fusion-builder-column-0{width:100% !important;order : 0;}.fusion-builder-column-0 > .fusion-column-wrapper {margin-right : 1.92%;margin-left : 1.92%;}}@media only screen and (max-width:640px) {.fusion-body .fusion-builder-column-0{width:100% !important;order : 0;}.fusion-builder-column-0 > .fusion-column-wrapper {margin-right : 1.92%;margin-left : 1.92%;}}<\/style><\/div><\/div><style type=\"text\/css\">.fusion-body .fusion-flex-container.fusion-builder-row-1{ padding-top : 0px;margin-top : 0px;padding-right : 0px;padding-bottom : 0px;margin-bottom : 0px;padding-left : 0px;}<\/style><\/div>\n","protected":false},"excerpt":{"rendered":"","protected":false},"author":1,"featured_media":0,"parent":0,"menu_order":0,"comment_status":"closed","ping_status":"closed","template":"100-width.php","meta":{"om_disable_all_campaigns":false,"_monsterinsights_skip_tracking":false,"_monsterinsights_sitenote_active":false,"_monsterinsights_sitenote_note":"","_monsterinsights_sitenote_category":0,"footnotes":""},"class_list":["post-7062","page","type-page","status-publish","hentry"],"yoast_head":"<!-- This site is optimized with the Yoast SEO plugin v27.4 - https:\/\/yoast.com\/product\/yoast-seo-wordpress\/ -->\n<title>Wechsel zu BSAC - BSAC Egypt<\/title>\n<meta name=\"robots\" content=\"index, follow, max-snippet:-1, max-image-preview:large, max-video-preview:-1\" \/>\n<link rel=\"canonical\" href=\"https:\/\/bsac-egypt.com\/de\/wechsel-zu-bsac\/\" \/>\n<meta property=\"og:locale\" content=\"de_DE\" \/>\n<meta property=\"og:type\" content=\"article\" \/>\n<meta property=\"og:title\" content=\"Wechsel zu BSAC - BSAC Egypt\" \/>\n<meta property=\"og:url\" content=\"https:\/\/bsac-egypt.com\/de\/wechsel-zu-bsac\/\" \/>\n<meta property=\"og:site_name\" content=\"BSAC Egypt\" \/>\n<meta property=\"article:modified_time\" content=\"2024-06-04T22:06:41+00:00\" \/>\n<meta name=\"twitter:card\" content=\"summary_large_image\" \/>\n<meta name=\"twitter:label1\" content=\"Gesch\u00e4tzte Lesezeit\" \/>\n\t<meta name=\"twitter:data1\" content=\"5\u00a0Minuten\" \/>\n<script type=\"application\/ld+json\" class=\"yoast-schema-graph\">{\"@context\":\"https:\\\/\\\/schema.org\",\"@graph\":[{\"@type\":\"WebPage\",\"@id\":\"https:\\\/\\\/bsac-egypt.com\\\/de\\\/wechsel-zu-bsac\\\/\",\"url\":\"https:\\\/\\\/bsac-egypt.com\\\/de\\\/wechsel-zu-bsac\\\/\",\"name\":\"Wechsel zu BSAC - BSAC Egypt\",\"isPartOf\":{\"@id\":\"https:\\\/\\\/bsac-egypt.com\\\/de\\\/#website\"},\"datePublished\":\"2024-02-01T00:38:29+00:00\",\"dateModified\":\"2024-06-04T22:06:41+00:00\",\"breadcrumb\":{\"@id\":\"https:\\\/\\\/bsac-egypt.com\\\/de\\\/wechsel-zu-bsac\\\/#breadcrumb\"},\"inLanguage\":\"de\",\"potentialAction\":[{\"@type\":\"ReadAction\",\"target\":[\"https:\\\/\\\/bsac-egypt.com\\\/de\\\/wechsel-zu-bsac\\\/\"]}]},{\"@type\":\"BreadcrumbList\",\"@id\":\"https:\\\/\\\/bsac-egypt.com\\\/de\\\/wechsel-zu-bsac\\\/#breadcrumb\",\"itemListElement\":[{\"@type\":\"ListItem\",\"position\":1,\"name\":\"Home\",\"item\":\"https:\\\/\\\/bsac-egypt.com\\\/de\\\/bsac-aegypten\\\/\"},{\"@type\":\"ListItem\",\"position\":2,\"name\":\"Wechsel zu BSAC\"}]},{\"@type\":\"WebSite\",\"@id\":\"https:\\\/\\\/bsac-egypt.com\\\/de\\\/#website\",\"url\":\"https:\\\/\\\/bsac-egypt.com\\\/de\\\/\",\"name\":\"BSAC Egypt\",\"description\":\"\",\"potentialAction\":[{\"@type\":\"SearchAction\",\"target\":{\"@type\":\"EntryPoint\",\"urlTemplate\":\"https:\\\/\\\/bsac-egypt.com\\\/de\\\/?s={search_term_string}\"},\"query-input\":{\"@type\":\"PropertyValueSpecification\",\"valueRequired\":true,\"valueName\":\"search_term_string\"}}],\"inLanguage\":\"de\"}]}<\/script>\n<!-- \/ Yoast SEO plugin. -->","yoast_head_json":{"title":"Wechsel zu BSAC - BSAC Egypt","robots":{"index":"index","follow":"follow","max-snippet":"max-snippet:-1","max-image-preview":"max-image-preview:large","max-video-preview":"max-video-preview:-1"},"canonical":"https:\/\/bsac-egypt.com\/de\/wechsel-zu-bsac\/","og_locale":"de_DE","og_type":"article","og_title":"Wechsel zu BSAC - BSAC Egypt","og_url":"https:\/\/bsac-egypt.com\/de\/wechsel-zu-bsac\/","og_site_name":"BSAC Egypt","article_modified_time":"2024-06-04T22:06:41+00:00","twitter_card":"summary_large_image","twitter_misc":{"Gesch\u00e4tzte Lesezeit":"5\u00a0Minuten"},"schema":{"@context":"https:\/\/schema.org","@graph":[{"@type":"WebPage","@id":"https:\/\/bsac-egypt.com\/de\/wechsel-zu-bsac\/","url":"https:\/\/bsac-egypt.com\/de\/wechsel-zu-bsac\/","name":"Wechsel zu BSAC - BSAC Egypt","isPartOf":{"@id":"https:\/\/bsac-egypt.com\/de\/#website"},"datePublished":"2024-02-01T00:38:29+00:00","dateModified":"2024-06-04T22:06:41+00:00","breadcrumb":{"@id":"https:\/\/bsac-egypt.com\/de\/wechsel-zu-bsac\/#breadcrumb"},"inLanguage":"de","potentialAction":[{"@type":"ReadAction","target":["https:\/\/bsac-egypt.com\/de\/wechsel-zu-bsac\/"]}]},{"@type":"BreadcrumbList","@id":"https:\/\/bsac-egypt.com\/de\/wechsel-zu-bsac\/#breadcrumb","itemListElement":[{"@type":"ListItem","position":1,"name":"Home","item":"https:\/\/bsac-egypt.com\/de\/bsac-aegypten\/"},{"@type":"ListItem","position":2,"name":"Wechsel zu BSAC"}]},{"@type":"WebSite","@id":"https:\/\/bsac-egypt.com\/de\/#website","url":"https:\/\/bsac-egypt.com\/de\/","name":"BSAC Egypt","description":"","potentialAction":[{"@type":"SearchAction","target":{"@type":"EntryPoint","urlTemplate":"https:\/\/bsac-egypt.com\/de\/?s={search_term_string}"},"query-input":{"@type":"PropertyValueSpecification","valueRequired":true,"valueName":"search_term_string"}}],"inLanguage":"de"}]}},"_links":{"self":[{"href":"https:\/\/bsac-egypt.com\/de\/wp-json\/wp\/v2\/pages\/7062","targetHints":{"allow":["GET"]}}],"collection":[{"href":"https:\/\/bsac-egypt.com\/de\/wp-json\/wp\/v2\/pages"}],"about":[{"href":"https:\/\/bsac-egypt.com\/de\/wp-json\/wp\/v2\/types\/page"}],"author":[{"embeddable":true,"href":"https:\/\/bsac-egypt.com\/de\/wp-json\/wp\/v2\/users\/1"}],"replies":[{"embeddable":true,"href":"https:\/\/bsac-egypt.com\/de\/wp-json\/wp\/v2\/comments?post=7062"}],"version-history":[{"count":4,"href":"https:\/\/bsac-egypt.com\/de\/wp-json\/wp\/v2\/pages\/7062\/revisions"}],"predecessor-version":[{"id":7099,"href":"https:\/\/bsac-egypt.com\/de\/wp-json\/wp\/v2\/pages\/7062\/revisions\/7099"}],"wp:attachment":[{"href":"https:\/\/bsac-egypt.com\/de\/wp-json\/wp\/v2\/media?parent=7062"}],"curies":[{"name":"wp","href":"https:\/\/api.w.org\/{rel}","templated":true}]}}