{"id":6977,"date":"2024-02-01T00:44:05","date_gmt":"2024-02-01T00:44:05","guid":{"rendered":"https:\/\/bsac-egypt.com\/comment-devenir-un-centre-bsac\/"},"modified":"2024-06-04T22:09:06","modified_gmt":"2024-06-04T22:09:06","slug":"comment-devenir-un-centre-bsac","status":"publish","type":"page","link":"https:\/\/bsac-egypt.com\/fr\/a-propos-du-british-sub-aqua-club-bsac\/comment-devenir-un-centre-bsac\/","title":{"rendered":"Comment devenir un centre BSAC"},"content":{"rendered":"<div class=\"fusion-fullwidth fullwidth-box fusion-builder-row-1 fusion-flex-container has-pattern-background has-mask-background nonhundred-percent-fullwidth non-hundred-percent-height-scrolling\" style=\"background-color: rgba(255,255,255,0);background-position: center center;background-repeat: no-repeat;border-width: 0px 0px 0px 0px;border-color:#eae9e9;border-style:solid;\" ><div class=\"fusion-builder-row fusion-row fusion-flex-align-items-flex-start\" style=\"max-width:1216.8px;margin-left: calc(-4% \/ 2 );margin-right: calc(-4% \/ 2 );\"><div class=\"fusion-layout-column fusion_builder_column fusion-builder-column-0 fusion_builder_column_1_1 1_1 fusion-flex-column\"><div class=\"fusion-column-wrapper fusion-flex-justify-content-flex-start fusion-content-layout-column\" style=\"background-position:left top;background-repeat:no-repeat;-webkit-background-size:cover;-moz-background-size:cover;-o-background-size:cover;background-size:cover;padding: 0px 0px 0px 0px;\"><div class=\"fusion-text fusion-text-1\"><p><span style=\"font-weight: 400;\">En devenant un centre BSAC, vous formerez des plongeurs hautement comp\u00e9tents et autonomes, dot\u00e9s d&rsquo;excellentes comp\u00e9tences pratiques, th\u00e9oriques et en mati\u00e8re de s\u00e9curit\u00e9. La s\u00e9curit\u00e9 est au c\u0153ur de la formation BSAC et vous assurerez la formation et le d\u00e9veloppement des plongeurs pour qu&rsquo;ils puissent plonger dans le respect des normes de la BSAC.  <\/span><a href=\"https:\/\/www.bsac.com\/safety\/bsacs-safe-diving-guide\/\"><br \/>\n  <span style=\"font-weight: 400;\">Guide de la plong\u00e9e en toute s\u00e9curit\u00e9<\/span><br \/>\n<\/a><span style=\"font-weight: 400;\">.<\/span><\/p>\n<p><span style=\"font-weight: 400;\">Les centres qui disposent d\u00e9j\u00e0 d&rsquo;instructeurs BSAC peuvent commencer tout de suite et les centres qui n&rsquo;ont pas d&rsquo;instructeurs BSAC disposent d&rsquo;un processus de transfert d&rsquo;instructeurs facile.<\/span><\/p>\n<p><span style=\"font-weight: 400;\">Il existe 7 cat\u00e9gories de centres BSAC&#8230;  <\/span><\/p>\n<table class=\"dataframe\" border=\"3\">\n<thead><\/thead>\n<tbody>\n<tr>\n<td><strong>Type de centre<\/strong><\/td>\n<td><strong>Peut former jusqu&rsquo;\u00e0<\/strong><\/td>\n<td><strong>Exigences de l&rsquo;instructeur<\/strong><\/td>\n<td><strong>Cotisations annuelles<\/strong><\/td>\n<\/tr>\n<tr>\n<td>Centre de formation des plongeurs<\/td>\n<td>Chef de plong\u00e9e<\/td>\n<td>Instructeur Open Water<\/td>\n<td>\u00a3250<\/td>\n<\/tr>\n<tr>\n<td>Premier Centre<\/td>\n<td>Plongeur avanc\u00e9<\/td>\n<td>Instructeur avanc\u00e9<\/td>\n<td>\u00a3250<\/td>\n<\/tr>\n<tr>\n<td>Centre d&rsquo;excellence<\/td>\n<td>Instructeur avanc\u00e9<\/td>\n<td>Instructeur national<\/td>\n<td>\u00a3250<\/td>\n<\/tr>\n<tr>\n<td>Centre technique<\/td>\n<td>Cours techniques<\/td>\n<td>Instructeur technique<\/td>\n<td>\u00a3250<\/td>\n<\/tr>\n<tr>\n<td>Centre de matelotage<\/td>\n<td>Cours de matelotage<\/td>\n<td>Instructeur en matelotage<\/td>\n<td>\u00a3250<\/td>\n<\/tr>\n<tr>\n<td>Centre de vill\u00e9giature<\/td>\n<td>Aucune formation n&rsquo;est propos\u00e9e, mais vous \u00eates affili\u00e9 \u00e0 la BSAC.<\/td>\n<td><\/td>\n<td>\u00a3250<\/td>\n<\/tr>\n<tr>\n<td>Centre de plong\u00e9e avec tuba<\/td>\n<td>Plongeur avec tuba<\/td>\n<td>Moniteur de plong\u00e9e avec tuba<\/td>\n<td>\u00a360<\/td>\n<\/tr>\n<\/tbody>\n<\/table>\n<p><b>Pour plus d&rsquo;informations sur la fa\u00e7on de devenir un centre BSAC, veuillez nous contacter \u00e0 l&rsquo;adresse suivante : +201010122548<\/b><\/p>\n<\/div><\/div><style type=\"text\/css\">.fusion-body .fusion-builder-column-0{width:100% !important;margin-top : 0px;margin-bottom : 20px;}.fusion-builder-column-0 > .fusion-column-wrapper {padding-top : 0px !important;padding-right : 0px !important;margin-right : 1.92%;padding-bottom : 0px !important;padding-left : 0px !important;margin-left : 1.92%;}@media only screen and (max-width:1024px) {.fusion-body .fusion-builder-column-0{width:100% !important;order : 0;}.fusion-builder-column-0 > .fusion-column-wrapper {margin-right : 1.92%;margin-left : 1.92%;}}@media only screen and (max-width:640px) {.fusion-body .fusion-builder-column-0{width:100% !important;order : 0;}.fusion-builder-column-0 > .fusion-column-wrapper {margin-right : 1.92%;margin-left : 1.92%;}}<\/style><\/div><\/div><style type=\"text\/css\">.fusion-body .fusion-flex-container.fusion-builder-row-1{ padding-top : 0px;margin-top : 0px;padding-right : 0px;padding-bottom : 0px;margin-bottom : 0px;padding-left : 0px;}<\/style><\/div>\n","protected":false},"excerpt":{"rendered":"","protected":false},"author":1,"featured_media":0,"parent":7362,"menu_order":0,"comment_status":"closed","ping_status":"closed","template":"100-width.php","meta":{"om_disable_all_campaigns":false,"_monsterinsights_skip_tracking":false,"_monsterinsights_sitenote_active":false,"_monsterinsights_sitenote_note":"","_monsterinsights_sitenote_category":0,"footnotes":""},"class_list":["post-6977","page","type-page","status-publish","hentry"],"yoast_head":"<!-- This site is optimized with the Yoast SEO plugin v27.4 - https:\/\/yoast.com\/product\/yoast-seo-wordpress\/ -->\n<title>Comment devenir un centre BSAC - BSAC Egypt<\/title>\n<meta name=\"robots\" content=\"index, follow, max-snippet:-1, max-image-preview:large, max-video-preview:-1\" \/>\n<link rel=\"canonical\" href=\"https:\/\/bsac-egypt.com\/fr\/a-propos-du-british-sub-aqua-club-bsac\/comment-devenir-un-centre-bsac\/\" \/>\n<meta property=\"og:locale\" content=\"fr_FR\" \/>\n<meta property=\"og:type\" content=\"article\" \/>\n<meta property=\"og:title\" content=\"Comment devenir un centre BSAC - BSAC Egypt\" \/>\n<meta property=\"og:url\" content=\"https:\/\/bsac-egypt.com\/fr\/a-propos-du-british-sub-aqua-club-bsac\/comment-devenir-un-centre-bsac\/\" \/>\n<meta property=\"og:site_name\" content=\"BSAC Egypt\" \/>\n<meta property=\"article:modified_time\" content=\"2024-06-04T22:09:06+00:00\" \/>\n<meta name=\"twitter:card\" content=\"summary_large_image\" \/>\n<meta name=\"twitter:label1\" content=\"Dur\u00e9e de lecture estim\u00e9e\" \/>\n\t<meta name=\"twitter:data1\" content=\"5 minutes\" \/>\n<script type=\"application\/ld+json\" class=\"yoast-schema-graph\">{\"@context\":\"https:\\\/\\\/schema.org\",\"@graph\":[{\"@type\":\"WebPage\",\"@id\":\"https:\\\/\\\/bsac-egypt.com\\\/fr\\\/a-propos-du-british-sub-aqua-club-bsac\\\/comment-devenir-un-centre-bsac\\\/\",\"url\":\"https:\\\/\\\/bsac-egypt.com\\\/fr\\\/a-propos-du-british-sub-aqua-club-bsac\\\/comment-devenir-un-centre-bsac\\\/\",\"name\":\"Comment devenir un centre BSAC - BSAC Egypt\",\"isPartOf\":{\"@id\":\"https:\\\/\\\/bsac-egypt.com\\\/fr\\\/#website\"},\"datePublished\":\"2024-02-01T00:44:05+00:00\",\"dateModified\":\"2024-06-04T22:09:06+00:00\",\"breadcrumb\":{\"@id\":\"https:\\\/\\\/bsac-egypt.com\\\/fr\\\/a-propos-du-british-sub-aqua-club-bsac\\\/comment-devenir-un-centre-bsac\\\/#breadcrumb\"},\"inLanguage\":\"fr-FR\",\"potentialAction\":[{\"@type\":\"ReadAction\",\"target\":[\"https:\\\/\\\/bsac-egypt.com\\\/fr\\\/a-propos-du-british-sub-aqua-club-bsac\\\/comment-devenir-un-centre-bsac\\\/\"]}]},{\"@type\":\"BreadcrumbList\",\"@id\":\"https:\\\/\\\/bsac-egypt.com\\\/fr\\\/a-propos-du-british-sub-aqua-club-bsac\\\/comment-devenir-un-centre-bsac\\\/#breadcrumb\",\"itemListElement\":[{\"@type\":\"ListItem\",\"position\":1,\"name\":\"Home\",\"item\":\"https:\\\/\\\/bsac-egypt.com\\\/fr\\\/bsac-egypte\\\/\"},{\"@type\":\"ListItem\",\"position\":2,\"name\":\"\u00c0 propos du British Sub Aqua Club BSAC\",\"item\":\"https:\\\/\\\/bsac-egypt.com\\\/fr\\\/a-propos-du-british-sub-aqua-club-bsac\\\/\"},{\"@type\":\"ListItem\",\"position\":3,\"name\":\"Comment devenir un centre BSAC\"}]},{\"@type\":\"WebSite\",\"@id\":\"https:\\\/\\\/bsac-egypt.com\\\/fr\\\/#website\",\"url\":\"https:\\\/\\\/bsac-egypt.com\\\/fr\\\/\",\"name\":\"BSAC Egypt\",\"description\":\"\",\"potentialAction\":[{\"@type\":\"SearchAction\",\"target\":{\"@type\":\"EntryPoint\",\"urlTemplate\":\"https:\\\/\\\/bsac-egypt.com\\\/fr\\\/?s={search_term_string}\"},\"query-input\":{\"@type\":\"PropertyValueSpecification\",\"valueRequired\":true,\"valueName\":\"search_term_string\"}}],\"inLanguage\":\"fr-FR\"}]}<\/script>\n<!-- \/ Yoast SEO plugin. -->","yoast_head_json":{"title":"Comment devenir un centre BSAC - BSAC Egypt","robots":{"index":"index","follow":"follow","max-snippet":"max-snippet:-1","max-image-preview":"max-image-preview:large","max-video-preview":"max-video-preview:-1"},"canonical":"https:\/\/bsac-egypt.com\/fr\/a-propos-du-british-sub-aqua-club-bsac\/comment-devenir-un-centre-bsac\/","og_locale":"fr_FR","og_type":"article","og_title":"Comment devenir un centre BSAC - BSAC Egypt","og_url":"https:\/\/bsac-egypt.com\/fr\/a-propos-du-british-sub-aqua-club-bsac\/comment-devenir-un-centre-bsac\/","og_site_name":"BSAC Egypt","article_modified_time":"2024-06-04T22:09:06+00:00","twitter_card":"summary_large_image","twitter_misc":{"Dur\u00e9e de lecture estim\u00e9e":"5 minutes"},"schema":{"@context":"https:\/\/schema.org","@graph":[{"@type":"WebPage","@id":"https:\/\/bsac-egypt.com\/fr\/a-propos-du-british-sub-aqua-club-bsac\/comment-devenir-un-centre-bsac\/","url":"https:\/\/bsac-egypt.com\/fr\/a-propos-du-british-sub-aqua-club-bsac\/comment-devenir-un-centre-bsac\/","name":"Comment devenir un centre BSAC - BSAC Egypt","isPartOf":{"@id":"https:\/\/bsac-egypt.com\/fr\/#website"},"datePublished":"2024-02-01T00:44:05+00:00","dateModified":"2024-06-04T22:09:06+00:00","breadcrumb":{"@id":"https:\/\/bsac-egypt.com\/fr\/a-propos-du-british-sub-aqua-club-bsac\/comment-devenir-un-centre-bsac\/#breadcrumb"},"inLanguage":"fr-FR","potentialAction":[{"@type":"ReadAction","target":["https:\/\/bsac-egypt.com\/fr\/a-propos-du-british-sub-aqua-club-bsac\/comment-devenir-un-centre-bsac\/"]}]},{"@type":"BreadcrumbList","@id":"https:\/\/bsac-egypt.com\/fr\/a-propos-du-british-sub-aqua-club-bsac\/comment-devenir-un-centre-bsac\/#breadcrumb","itemListElement":[{"@type":"ListItem","position":1,"name":"Home","item":"https:\/\/bsac-egypt.com\/fr\/bsac-egypte\/"},{"@type":"ListItem","position":2,"name":"\u00c0 propos du British Sub Aqua Club BSAC","item":"https:\/\/bsac-egypt.com\/fr\/a-propos-du-british-sub-aqua-club-bsac\/"},{"@type":"ListItem","position":3,"name":"Comment devenir un centre BSAC"}]},{"@type":"WebSite","@id":"https:\/\/bsac-egypt.com\/fr\/#website","url":"https:\/\/bsac-egypt.com\/fr\/","name":"BSAC Egypt","description":"","potentialAction":[{"@type":"SearchAction","target":{"@type":"EntryPoint","urlTemplate":"https:\/\/bsac-egypt.com\/fr\/?s={search_term_string}"},"query-input":{"@type":"PropertyValueSpecification","valueRequired":true,"valueName":"search_term_string"}}],"inLanguage":"fr-FR"}]}},"_links":{"self":[{"href":"https:\/\/bsac-egypt.com\/fr\/wp-json\/wp\/v2\/pages\/6977","targetHints":{"allow":["GET"]}}],"collection":[{"href":"https:\/\/bsac-egypt.com\/fr\/wp-json\/wp\/v2\/pages"}],"about":[{"href":"https:\/\/bsac-egypt.com\/fr\/wp-json\/wp\/v2\/types\/page"}],"author":[{"embeddable":true,"href":"https:\/\/bsac-egypt.com\/fr\/wp-json\/wp\/v2\/users\/1"}],"replies":[{"embeddable":true,"href":"https:\/\/bsac-egypt.com\/fr\/wp-json\/wp\/v2\/comments?post=6977"}],"version-history":[{"count":5,"href":"https:\/\/bsac-egypt.com\/fr\/wp-json\/wp\/v2\/pages\/6977\/revisions"}],"predecessor-version":[{"id":7024,"href":"https:\/\/bsac-egypt.com\/fr\/wp-json\/wp\/v2\/pages\/6977\/revisions\/7024"}],"up":[{"embeddable":true,"href":"https:\/\/bsac-egypt.com\/fr\/wp-json\/wp\/v2\/pages\/7362"}],"wp:attachment":[{"href":"https:\/\/bsac-egypt.com\/fr\/wp-json\/wp\/v2\/media?parent=6977"}],"curies":[{"name":"wp","href":"https:\/\/api.w.org\/{rel}","templated":true}]}}