{"id":7047,"date":"2024-02-01T00:37:32","date_gmt":"2024-02-01T00:37:32","guid":{"rendered":"https:\/\/bsac-egypt.com\/adhesion-a-la-bsac-et-cout-du-materiel\/"},"modified":"2024-06-04T22:09:05","modified_gmt":"2024-06-04T22:09:05","slug":"adhesion-a-la-bsac-et-cout-du-materiel","status":"publish","type":"page","link":"https:\/\/bsac-egypt.com\/fr\/a-propos-du-british-sub-aqua-club-bsac\/adhesion-a-la-bsac-et-cout-du-materiel\/","title":{"rendered":"Adh\u00e9sion \u00e0 la BSAC et co\u00fbt du mat\u00e9riel"},"content":{"rendered":"<div class=\"fusion-fullwidth fullwidth-box fusion-builder-row-1 fusion-flex-container has-pattern-background has-mask-background nonhundred-percent-fullwidth non-hundred-percent-height-scrolling\" style=\"background-color: rgba(255,255,255,0);background-position: center center;background-repeat: no-repeat;border-width: 0px 0px 0px 0px;border-color:#eae9e9;border-style:solid;\" ><div class=\"fusion-builder-row fusion-row fusion-flex-align-items-flex-start\" style=\"max-width:1216.8px;margin-left: calc(-4% \/ 2 );margin-right: calc(-4% \/ 2 );\"><div class=\"fusion-layout-column fusion_builder_column fusion-builder-column-0 fusion_builder_column_1_1 1_1 fusion-flex-column\"><div class=\"fusion-column-wrapper fusion-flex-justify-content-flex-start fusion-content-layout-column\" style=\"background-position:left top;background-repeat:no-repeat;-webkit-background-size:cover;-moz-background-size:cover;-o-background-size:cover;background-size:cover;padding: 0px 0px 0px 0px;\"><div class=\"fusion-text fusion-text-1\"><p><strong>Cours de plong\u00e9e<\/strong><\/p>\n<table style=\"width: 800px; height: 176px;\" border=\"1\" cellspacing=\"1\" cellpadding=\"1\">\n<tbody>\n<tr>\n<td>Plongeur D\u00e9couverte<\/td>\n<td style=\"text-align: center;\">\u00a335<\/td>\n<\/tr>\n<tr>\n<td>Plongeur oc\u00e9anique<\/td>\n<td style=\"text-align: center;\">\u00a335<\/td>\n<\/tr>\n<tr>\n<td>Avanc\u00e9 Oc\u00e9an<\/td>\n<td style=\"text-align: center;\">\u00a335<\/td>\n<\/tr>\n<tr>\n<td>Plongeur sportif<\/td>\n<td style=\"text-align: center;\">\u00a335<\/td>\n<\/tr>\n<tr>\n<td>Chef de plong\u00e9e<\/td>\n<td style=\"text-align: center;\">\u00a335<\/td>\n<\/tr>\n<tr>\n<td>Passage au poste de chef de plong\u00e9e<\/td>\n<td style=\"text-align: center;\">\u00a360 \/ \u00a380 (y compris O2)<\/td>\n<\/tr>\n<\/tbody>\n<\/table>\n<p><strong>Cours de plong\u00e9e en apn\u00e9e<\/strong><\/p>\n<table style=\"width: 800px;\" border=\"1\" cellspacing=\"1\" cellpadding=\"1\">\n<tbody>\n<tr>\n<td>\n  <strong>Directeur de plong\u00e9e avec tuba (SDM)<\/strong>\n<\/td>\n<td>\u00a3120<\/td>\n<\/tr>\n<tr>\n<td>\n  <strong>Passage \u00e0 SDM<\/strong>\n<\/td>\n<td>\u00a340 \/ 60 (y compris O2)<\/td>\n<\/tr>\n<\/tbody>\n<\/table>\n<p><strong>Cours de d\u00e9veloppement des comp\u00e9tences<\/strong><\/p>\n<table style=\"width: 800px;\" border=\"1\" cellspacing=\"1\" cellpadding=\"1\" align=\"left\">\n<tbody>\n<tr>\n<td>\n  <strong>Administration de l&rsquo;oxyg\u00e8ne<\/strong>\n<\/td>\n<td>20 \u00a3 (valable 2 ans)<\/td>\n<\/tr>\n<\/tbody>\n<\/table>\n<p><strong>Cours pour instructeurs<\/strong><\/p>\n<table style=\"width: 800px;\" border=\"1\" cellspacing=\"1\" cellpadding=\"1\" align=\"left\">\n<tbody>\n<tr>\n<td>\n  <strong>Instructeur en eau libre (OWIC)<\/strong>\n<\/td>\n<td>\u00a3600 \/ 650 (y compris o2)<\/td>\n<\/tr>\n<tr>\n<td>\n  <strong>Passage \u00e0 l&rsquo;OWIC<\/strong>\n<\/td>\n<td>\u00a3150 \/ 200 (y compris o2)<\/td>\n<\/tr>\n<tr>\n<td>\n  <strong>Moniteur de plong\u00e9e avec tuba<\/strong>\n<\/td>\n<td>\u00a3300<\/td>\n<\/tr>\n<tr>\n<td>\n  <strong>Instructeur avanc\u00e9 de plong\u00e9e en apn\u00e9e<\/strong>\n<\/td>\n<td>\u00a3300<\/td>\n<\/tr>\n<\/tbody>\n<\/table>\n<p><strong>Note<\/strong><strong>: <\/strong>Les frais d&rsquo;adh\u00e9sion comprennent le livre et le certificat.<\/p>\n<\/div><\/div><style type=\"text\/css\">.fusion-body .fusion-builder-column-0{width:100% !important;margin-top : 0px;margin-bottom : 20px;}.fusion-builder-column-0 > .fusion-column-wrapper {padding-top : 0px !important;padding-right : 0px !important;margin-right : 1.92%;padding-bottom : 0px !important;padding-left : 0px !important;margin-left : 1.92%;}@media only screen and (max-width:1024px) {.fusion-body .fusion-builder-column-0{width:100% !important;order : 0;}.fusion-builder-column-0 > .fusion-column-wrapper {margin-right : 1.92%;margin-left : 1.92%;}}@media only screen and (max-width:640px) {.fusion-body .fusion-builder-column-0{width:100% !important;order : 0;}.fusion-builder-column-0 > .fusion-column-wrapper {margin-right : 1.92%;margin-left : 1.92%;}}<\/style><\/div><\/div><style type=\"text\/css\">.fusion-body .fusion-flex-container.fusion-builder-row-1{ padding-top : 0px;margin-top : 0px;padding-right : 0px;padding-bottom : 0px;margin-bottom : 0px;padding-left : 0px;}<\/style><\/div>\n","protected":false},"excerpt":{"rendered":"","protected":false},"author":1,"featured_media":0,"parent":7362,"menu_order":0,"comment_status":"closed","ping_status":"closed","template":"100-width.php","meta":{"om_disable_all_campaigns":false,"_monsterinsights_skip_tracking":false,"_monsterinsights_sitenote_active":false,"_monsterinsights_sitenote_note":"","_monsterinsights_sitenote_category":0,"footnotes":""},"class_list":["post-7047","page","type-page","status-publish","hentry"],"yoast_head":"<!-- This site is optimized with the Yoast SEO plugin v27.4 - https:\/\/yoast.com\/product\/yoast-seo-wordpress\/ -->\n<title>Adh\u00e9sion \u00e0 la BSAC et co\u00fbt du mat\u00e9riel - BSAC Egypt<\/title>\n<meta name=\"robots\" content=\"index, follow, max-snippet:-1, max-image-preview:large, max-video-preview:-1\" \/>\n<link rel=\"canonical\" href=\"https:\/\/bsac-egypt.com\/fr\/a-propos-du-british-sub-aqua-club-bsac\/adhesion-a-la-bsac-et-cout-du-materiel\/\" \/>\n<meta property=\"og:locale\" content=\"fr_FR\" \/>\n<meta property=\"og:type\" content=\"article\" \/>\n<meta property=\"og:title\" content=\"Adh\u00e9sion \u00e0 la BSAC et co\u00fbt du mat\u00e9riel - BSAC Egypt\" \/>\n<meta property=\"og:url\" content=\"https:\/\/bsac-egypt.com\/fr\/a-propos-du-british-sub-aqua-club-bsac\/adhesion-a-la-bsac-et-cout-du-materiel\/\" \/>\n<meta property=\"og:site_name\" content=\"BSAC Egypt\" \/>\n<meta property=\"article:modified_time\" content=\"2024-06-04T22:09:05+00:00\" \/>\n<meta name=\"twitter:card\" content=\"summary_large_image\" \/>\n<meta name=\"twitter:label1\" content=\"Dur\u00e9e de lecture estim\u00e9e\" \/>\n\t<meta name=\"twitter:data1\" content=\"4 minutes\" \/>\n<script type=\"application\/ld+json\" class=\"yoast-schema-graph\">{\"@context\":\"https:\\\/\\\/schema.org\",\"@graph\":[{\"@type\":\"WebPage\",\"@id\":\"https:\\\/\\\/bsac-egypt.com\\\/fr\\\/a-propos-du-british-sub-aqua-club-bsac\\\/adhesion-a-la-bsac-et-cout-du-materiel\\\/\",\"url\":\"https:\\\/\\\/bsac-egypt.com\\\/fr\\\/a-propos-du-british-sub-aqua-club-bsac\\\/adhesion-a-la-bsac-et-cout-du-materiel\\\/\",\"name\":\"Adh\u00e9sion \u00e0 la BSAC et co\u00fbt du mat\u00e9riel - BSAC Egypt\",\"isPartOf\":{\"@id\":\"https:\\\/\\\/bsac-egypt.com\\\/fr\\\/#website\"},\"datePublished\":\"2024-02-01T00:37:32+00:00\",\"dateModified\":\"2024-06-04T22:09:05+00:00\",\"breadcrumb\":{\"@id\":\"https:\\\/\\\/bsac-egypt.com\\\/fr\\\/a-propos-du-british-sub-aqua-club-bsac\\\/adhesion-a-la-bsac-et-cout-du-materiel\\\/#breadcrumb\"},\"inLanguage\":\"fr-FR\",\"potentialAction\":[{\"@type\":\"ReadAction\",\"target\":[\"https:\\\/\\\/bsac-egypt.com\\\/fr\\\/a-propos-du-british-sub-aqua-club-bsac\\\/adhesion-a-la-bsac-et-cout-du-materiel\\\/\"]}]},{\"@type\":\"BreadcrumbList\",\"@id\":\"https:\\\/\\\/bsac-egypt.com\\\/fr\\\/a-propos-du-british-sub-aqua-club-bsac\\\/adhesion-a-la-bsac-et-cout-du-materiel\\\/#breadcrumb\",\"itemListElement\":[{\"@type\":\"ListItem\",\"position\":1,\"name\":\"Home\",\"item\":\"https:\\\/\\\/bsac-egypt.com\\\/fr\\\/bsac-egypte\\\/\"},{\"@type\":\"ListItem\",\"position\":2,\"name\":\"\u00c0 propos du British Sub Aqua Club BSAC\",\"item\":\"https:\\\/\\\/bsac-egypt.com\\\/fr\\\/a-propos-du-british-sub-aqua-club-bsac\\\/\"},{\"@type\":\"ListItem\",\"position\":3,\"name\":\"Adh\u00e9sion \u00e0 la BSAC et co\u00fbt du mat\u00e9riel\"}]},{\"@type\":\"WebSite\",\"@id\":\"https:\\\/\\\/bsac-egypt.com\\\/fr\\\/#website\",\"url\":\"https:\\\/\\\/bsac-egypt.com\\\/fr\\\/\",\"name\":\"BSAC Egypt\",\"description\":\"\",\"potentialAction\":[{\"@type\":\"SearchAction\",\"target\":{\"@type\":\"EntryPoint\",\"urlTemplate\":\"https:\\\/\\\/bsac-egypt.com\\\/fr\\\/?s={search_term_string}\"},\"query-input\":{\"@type\":\"PropertyValueSpecification\",\"valueRequired\":true,\"valueName\":\"search_term_string\"}}],\"inLanguage\":\"fr-FR\"}]}<\/script>\n<!-- \/ Yoast SEO plugin. -->","yoast_head_json":{"title":"Adh\u00e9sion \u00e0 la BSAC et co\u00fbt du mat\u00e9riel - BSAC Egypt","robots":{"index":"index","follow":"follow","max-snippet":"max-snippet:-1","max-image-preview":"max-image-preview:large","max-video-preview":"max-video-preview:-1"},"canonical":"https:\/\/bsac-egypt.com\/fr\/a-propos-du-british-sub-aqua-club-bsac\/adhesion-a-la-bsac-et-cout-du-materiel\/","og_locale":"fr_FR","og_type":"article","og_title":"Adh\u00e9sion \u00e0 la BSAC et co\u00fbt du mat\u00e9riel - BSAC Egypt","og_url":"https:\/\/bsac-egypt.com\/fr\/a-propos-du-british-sub-aqua-club-bsac\/adhesion-a-la-bsac-et-cout-du-materiel\/","og_site_name":"BSAC Egypt","article_modified_time":"2024-06-04T22:09:05+00:00","twitter_card":"summary_large_image","twitter_misc":{"Dur\u00e9e de lecture estim\u00e9e":"4 minutes"},"schema":{"@context":"https:\/\/schema.org","@graph":[{"@type":"WebPage","@id":"https:\/\/bsac-egypt.com\/fr\/a-propos-du-british-sub-aqua-club-bsac\/adhesion-a-la-bsac-et-cout-du-materiel\/","url":"https:\/\/bsac-egypt.com\/fr\/a-propos-du-british-sub-aqua-club-bsac\/adhesion-a-la-bsac-et-cout-du-materiel\/","name":"Adh\u00e9sion \u00e0 la BSAC et co\u00fbt du mat\u00e9riel - BSAC Egypt","isPartOf":{"@id":"https:\/\/bsac-egypt.com\/fr\/#website"},"datePublished":"2024-02-01T00:37:32+00:00","dateModified":"2024-06-04T22:09:05+00:00","breadcrumb":{"@id":"https:\/\/bsac-egypt.com\/fr\/a-propos-du-british-sub-aqua-club-bsac\/adhesion-a-la-bsac-et-cout-du-materiel\/#breadcrumb"},"inLanguage":"fr-FR","potentialAction":[{"@type":"ReadAction","target":["https:\/\/bsac-egypt.com\/fr\/a-propos-du-british-sub-aqua-club-bsac\/adhesion-a-la-bsac-et-cout-du-materiel\/"]}]},{"@type":"BreadcrumbList","@id":"https:\/\/bsac-egypt.com\/fr\/a-propos-du-british-sub-aqua-club-bsac\/adhesion-a-la-bsac-et-cout-du-materiel\/#breadcrumb","itemListElement":[{"@type":"ListItem","position":1,"name":"Home","item":"https:\/\/bsac-egypt.com\/fr\/bsac-egypte\/"},{"@type":"ListItem","position":2,"name":"\u00c0 propos du British Sub Aqua Club BSAC","item":"https:\/\/bsac-egypt.com\/fr\/a-propos-du-british-sub-aqua-club-bsac\/"},{"@type":"ListItem","position":3,"name":"Adh\u00e9sion \u00e0 la BSAC et co\u00fbt du mat\u00e9riel"}]},{"@type":"WebSite","@id":"https:\/\/bsac-egypt.com\/fr\/#website","url":"https:\/\/bsac-egypt.com\/fr\/","name":"BSAC Egypt","description":"","potentialAction":[{"@type":"SearchAction","target":{"@type":"EntryPoint","urlTemplate":"https:\/\/bsac-egypt.com\/fr\/?s={search_term_string}"},"query-input":{"@type":"PropertyValueSpecification","valueRequired":true,"valueName":"search_term_string"}}],"inLanguage":"fr-FR"}]}},"_links":{"self":[{"href":"https:\/\/bsac-egypt.com\/fr\/wp-json\/wp\/v2\/pages\/7047","targetHints":{"allow":["GET"]}}],"collection":[{"href":"https:\/\/bsac-egypt.com\/fr\/wp-json\/wp\/v2\/pages"}],"about":[{"href":"https:\/\/bsac-egypt.com\/fr\/wp-json\/wp\/v2\/types\/page"}],"author":[{"embeddable":true,"href":"https:\/\/bsac-egypt.com\/fr\/wp-json\/wp\/v2\/users\/1"}],"replies":[{"embeddable":true,"href":"https:\/\/bsac-egypt.com\/fr\/wp-json\/wp\/v2\/comments?post=7047"}],"version-history":[{"count":5,"href":"https:\/\/bsac-egypt.com\/fr\/wp-json\/wp\/v2\/pages\/7047\/revisions"}],"predecessor-version":[{"id":7092,"href":"https:\/\/bsac-egypt.com\/fr\/wp-json\/wp\/v2\/pages\/7047\/revisions\/7092"}],"up":[{"embeddable":true,"href":"https:\/\/bsac-egypt.com\/fr\/wp-json\/wp\/v2\/pages\/7362"}],"wp:attachment":[{"href":"https:\/\/bsac-egypt.com\/fr\/wp-json\/wp\/v2\/media?parent=7047"}],"curies":[{"name":"wp","href":"https:\/\/api.w.org\/{rel}","templated":true}]}}