{"id":7048,"date":"2024-02-01T00:38:29","date_gmt":"2024-02-01T00:38:29","guid":{"rendered":"https:\/\/bsac-egypt.com\/passage-a-la-bsac\/"},"modified":"2024-06-04T22:09:05","modified_gmt":"2024-06-04T22:09:05","slug":"passage-a-la-bsac","status":"publish","type":"page","link":"https:\/\/bsac-egypt.com\/fr\/a-propos-du-british-sub-aqua-club-bsac\/passage-a-la-bsac\/","title":{"rendered":"Passage \u00e0 la BSAC"},"content":{"rendered":"<div class=\"fusion-fullwidth fullwidth-box fusion-builder-row-1 fusion-flex-container has-pattern-background has-mask-background nonhundred-percent-fullwidth non-hundred-percent-height-scrolling\" style=\"background-color: rgba(255,255,255,0);background-position: center center;background-repeat: no-repeat;border-width: 0px 0px 0px 0px;border-color:#eae9e9;border-style:solid;\" ><div class=\"fusion-builder-row fusion-row fusion-flex-align-items-flex-start\" style=\"max-width:1216.8px;margin-left: calc(-4% \/ 2 );margin-right: calc(-4% \/ 2 );\"><div class=\"fusion-layout-column fusion_builder_column fusion-builder-column-0 fusion_builder_column_1_1 1_1 fusion-flex-column\"><div class=\"fusion-column-wrapper fusion-flex-justify-content-flex-start fusion-content-layout-column\" style=\"background-position:left top;background-repeat:no-repeat;-webkit-background-size:cover;-moz-background-size:cover;-o-background-size:cover;background-size:cover;padding: 0px 0px 0px 0px;\"><div class=\"fusion-text fusion-text-1\"><p><span style=\"font-weight: 400;\">Si vous vous \u00eates qualifi\u00e9 aupr\u00e8s de PADI, SSI, SDI ou d&rsquo;une autre agence, peut-\u00eatre avez-vous h\u00e2te de retourner dans l&rsquo;eau et ne savez-vous pas par o\u00f9 commencer ? Si c&rsquo;est votre cas, vous \u00eates au bon endroit. L&rsquo;avantage d&rsquo;\u00eatre d\u00e9j\u00e0 qualifi\u00e9 (et, esp\u00e9rons-le, d&rsquo;avoir d\u00e9j\u00e0 une passion pour le sport) est qu&rsquo;il est facile de passer au BSAC. D&rsquo;autres qualifications sont reconnues (PADI, SSI, SDI, etc.) et aucune formation suppl\u00e9mentaire n&rsquo;est n\u00e9cessaire \u00e0 moins que vous ne souhaitiez suivre une formation de plongeur plus avanc\u00e9e.<\/span><\/p>\n<p><span style=\"font-weight: 400;\">Si vous souhaitez poursuivre votre formation avec un brevet de plong\u00e9e plus avanc\u00e9, votre grade de plongeur est reconnu et vous pouvez passer au grade BSAC sup\u00e9rieur (pas besoin de vous recycler, vous pouvez simplement progresser).<\/span><\/p>\n<ul>\n<li style=\"font-weight: 400;\" aria-level=\"1\"><span style=\"font-weight: 400;\">Vous avez un certificat PADI Open Water ? Cette qualification est similaire \u00e0 :  <\/span><a href=\"https:\/\/www.bsac.com\/training\/diver-grade-courses\/ocean-diver\/\"><span style=\"font-weight: 400;\">Plongeur oc\u00e9anique BSAC<\/span><\/a><\/li>\n<li style=\"font-weight: 400;\" aria-level=\"1\"><span style=\"font-weight: 400;\">Vous \u00eates titulaire d&rsquo;un brevet PADI Advanced Open Water ? Cette qualification est similaire \u00e0 :  <\/span><a href=\"https:\/\/www.bsac.com\/training\/diver-grade-courses\/ocean-diver\/\"><span style=\"font-weight: 400;\">Plongeur oc\u00e9anique avanc\u00e9 BSAC<\/span><\/a><\/li>\n<li style=\"font-weight: 400;\" aria-level=\"1\"><span style=\"font-weight: 400;\">Vous avez un brevet PADI Rescue ? Cette qualification est similaire \u00e0 :  <\/span><a href=\"https:\/\/www.bsac.com\/training\/diver-grade-courses\/ocean-diver\/\"><span style=\"font-weight: 400;\">Plongeur sportif BSAC<\/span><\/a><span style=\"font-weight: 400;\"> <\/span><\/li>\n<li style=\"font-weight: 400;\" aria-level=\"1\"><span style=\"font-weight: 400;\">Vous avez un certificat PADI Dive Master ? Cette qualification est similaire \u00e0 celle de chef de plong\u00e9e BSAC.<\/span><\/li>\n<li style=\"font-weight: 400;\" aria-level=\"1\"><span style=\"font-weight: 400;\">Vous \u00eates titulaire d&rsquo;un certificat de guide de plong\u00e9e en apn\u00e9e PADI ? Cette qualification est similaire \u00e0 celle de BSAC Snorkel Dive Manager.  <\/span><\/li>\n<\/ul>\n<p><span style=\"font-weight: 400;\">Qu&rsquo;en est-il du passage d&rsquo;un instructeur \u00e0 l&rsquo;autre et de la progression ?<\/span><\/p>\n<p><span style=\"font-weight: 400;\">Les instructeurs devront suivre un cours de transition s&rsquo;ils souhaitent commencer \u00e0 enseigner les cours BSAC. La BSAC invite les instructeurs de toutes les agences \u00e0 se joindre \u00e0 elle, \u00e0 passer d&rsquo;une agence \u00e0 l&rsquo;autre et m\u00eame \u00e0 progresser dans leur grade d&rsquo;instructeur, de l&rsquo;Open Water Instructor \u00e0 l&rsquo;Advanced Instructor et au National Instructor.<\/span><\/p>\n<p><b>Pour plus d&rsquo;informations sur le passage \u00e0 la BSAC, veuillez nous contacter \u00e0 l&rsquo;adresse suivante : +201010122548<\/b><\/p>\n<\/div><\/div><style type=\"text\/css\">.fusion-body .fusion-builder-column-0{width:100% !important;margin-top : 0px;margin-bottom : 20px;}.fusion-builder-column-0 > .fusion-column-wrapper {padding-top : 0px !important;padding-right : 0px !important;margin-right : 1.92%;padding-bottom : 0px !important;padding-left : 0px !important;margin-left : 1.92%;}@media only screen and (max-width:1024px) {.fusion-body .fusion-builder-column-0{width:100% !important;order : 0;}.fusion-builder-column-0 > .fusion-column-wrapper {margin-right : 1.92%;margin-left : 1.92%;}}@media only screen and (max-width:640px) {.fusion-body .fusion-builder-column-0{width:100% !important;order : 0;}.fusion-builder-column-0 > .fusion-column-wrapper {margin-right : 1.92%;margin-left : 1.92%;}}<\/style><\/div><\/div><style type=\"text\/css\">.fusion-body .fusion-flex-container.fusion-builder-row-1{ padding-top : 0px;margin-top : 0px;padding-right : 0px;padding-bottom : 0px;margin-bottom : 0px;padding-left : 0px;}<\/style><\/div>\n","protected":false},"excerpt":{"rendered":"","protected":false},"author":1,"featured_media":0,"parent":7362,"menu_order":0,"comment_status":"closed","ping_status":"closed","template":"100-width.php","meta":{"om_disable_all_campaigns":false,"_monsterinsights_skip_tracking":false,"_monsterinsights_sitenote_active":false,"_monsterinsights_sitenote_note":"","_monsterinsights_sitenote_category":0,"footnotes":""},"class_list":["post-7048","page","type-page","status-publish","hentry"],"yoast_head":"<!-- This site is optimized with the Yoast SEO plugin v27.4 - https:\/\/yoast.com\/product\/yoast-seo-wordpress\/ -->\n<title>Passage \u00e0 la BSAC - BSAC Egypt<\/title>\n<meta name=\"robots\" content=\"index, follow, max-snippet:-1, max-image-preview:large, max-video-preview:-1\" \/>\n<link rel=\"canonical\" href=\"https:\/\/bsac-egypt.com\/fr\/a-propos-du-british-sub-aqua-club-bsac\/passage-a-la-bsac\/\" \/>\n<meta property=\"og:locale\" content=\"fr_FR\" \/>\n<meta property=\"og:type\" content=\"article\" \/>\n<meta property=\"og:title\" content=\"Passage \u00e0 la BSAC - BSAC Egypt\" \/>\n<meta property=\"og:url\" content=\"https:\/\/bsac-egypt.com\/fr\/a-propos-du-british-sub-aqua-club-bsac\/passage-a-la-bsac\/\" \/>\n<meta property=\"og:site_name\" content=\"BSAC Egypt\" \/>\n<meta property=\"article:modified_time\" content=\"2024-06-04T22:09:05+00:00\" \/>\n<meta name=\"twitter:card\" content=\"summary_large_image\" \/>\n<meta name=\"twitter:label1\" content=\"Dur\u00e9e de lecture estim\u00e9e\" \/>\n\t<meta name=\"twitter:data1\" content=\"5 minutes\" \/>\n<script type=\"application\/ld+json\" class=\"yoast-schema-graph\">{\"@context\":\"https:\\\/\\\/schema.org\",\"@graph\":[{\"@type\":\"WebPage\",\"@id\":\"https:\\\/\\\/bsac-egypt.com\\\/fr\\\/a-propos-du-british-sub-aqua-club-bsac\\\/passage-a-la-bsac\\\/\",\"url\":\"https:\\\/\\\/bsac-egypt.com\\\/fr\\\/a-propos-du-british-sub-aqua-club-bsac\\\/passage-a-la-bsac\\\/\",\"name\":\"Passage \u00e0 la BSAC - BSAC Egypt\",\"isPartOf\":{\"@id\":\"https:\\\/\\\/bsac-egypt.com\\\/fr\\\/#website\"},\"datePublished\":\"2024-02-01T00:38:29+00:00\",\"dateModified\":\"2024-06-04T22:09:05+00:00\",\"breadcrumb\":{\"@id\":\"https:\\\/\\\/bsac-egypt.com\\\/fr\\\/a-propos-du-british-sub-aqua-club-bsac\\\/passage-a-la-bsac\\\/#breadcrumb\"},\"inLanguage\":\"fr-FR\",\"potentialAction\":[{\"@type\":\"ReadAction\",\"target\":[\"https:\\\/\\\/bsac-egypt.com\\\/fr\\\/a-propos-du-british-sub-aqua-club-bsac\\\/passage-a-la-bsac\\\/\"]}]},{\"@type\":\"BreadcrumbList\",\"@id\":\"https:\\\/\\\/bsac-egypt.com\\\/fr\\\/a-propos-du-british-sub-aqua-club-bsac\\\/passage-a-la-bsac\\\/#breadcrumb\",\"itemListElement\":[{\"@type\":\"ListItem\",\"position\":1,\"name\":\"Home\",\"item\":\"https:\\\/\\\/bsac-egypt.com\\\/fr\\\/bsac-egypte\\\/\"},{\"@type\":\"ListItem\",\"position\":2,\"name\":\"\u00c0 propos du British Sub Aqua Club BSAC\",\"item\":\"https:\\\/\\\/bsac-egypt.com\\\/fr\\\/a-propos-du-british-sub-aqua-club-bsac\\\/\"},{\"@type\":\"ListItem\",\"position\":3,\"name\":\"Passage \u00e0 la BSAC\"}]},{\"@type\":\"WebSite\",\"@id\":\"https:\\\/\\\/bsac-egypt.com\\\/fr\\\/#website\",\"url\":\"https:\\\/\\\/bsac-egypt.com\\\/fr\\\/\",\"name\":\"BSAC Egypt\",\"description\":\"\",\"potentialAction\":[{\"@type\":\"SearchAction\",\"target\":{\"@type\":\"EntryPoint\",\"urlTemplate\":\"https:\\\/\\\/bsac-egypt.com\\\/fr\\\/?s={search_term_string}\"},\"query-input\":{\"@type\":\"PropertyValueSpecification\",\"valueRequired\":true,\"valueName\":\"search_term_string\"}}],\"inLanguage\":\"fr-FR\"}]}<\/script>\n<!-- \/ Yoast SEO plugin. -->","yoast_head_json":{"title":"Passage \u00e0 la BSAC - BSAC Egypt","robots":{"index":"index","follow":"follow","max-snippet":"max-snippet:-1","max-image-preview":"max-image-preview:large","max-video-preview":"max-video-preview:-1"},"canonical":"https:\/\/bsac-egypt.com\/fr\/a-propos-du-british-sub-aqua-club-bsac\/passage-a-la-bsac\/","og_locale":"fr_FR","og_type":"article","og_title":"Passage \u00e0 la BSAC - BSAC Egypt","og_url":"https:\/\/bsac-egypt.com\/fr\/a-propos-du-british-sub-aqua-club-bsac\/passage-a-la-bsac\/","og_site_name":"BSAC Egypt","article_modified_time":"2024-06-04T22:09:05+00:00","twitter_card":"summary_large_image","twitter_misc":{"Dur\u00e9e de lecture estim\u00e9e":"5 minutes"},"schema":{"@context":"https:\/\/schema.org","@graph":[{"@type":"WebPage","@id":"https:\/\/bsac-egypt.com\/fr\/a-propos-du-british-sub-aqua-club-bsac\/passage-a-la-bsac\/","url":"https:\/\/bsac-egypt.com\/fr\/a-propos-du-british-sub-aqua-club-bsac\/passage-a-la-bsac\/","name":"Passage \u00e0 la BSAC - BSAC Egypt","isPartOf":{"@id":"https:\/\/bsac-egypt.com\/fr\/#website"},"datePublished":"2024-02-01T00:38:29+00:00","dateModified":"2024-06-04T22:09:05+00:00","breadcrumb":{"@id":"https:\/\/bsac-egypt.com\/fr\/a-propos-du-british-sub-aqua-club-bsac\/passage-a-la-bsac\/#breadcrumb"},"inLanguage":"fr-FR","potentialAction":[{"@type":"ReadAction","target":["https:\/\/bsac-egypt.com\/fr\/a-propos-du-british-sub-aqua-club-bsac\/passage-a-la-bsac\/"]}]},{"@type":"BreadcrumbList","@id":"https:\/\/bsac-egypt.com\/fr\/a-propos-du-british-sub-aqua-club-bsac\/passage-a-la-bsac\/#breadcrumb","itemListElement":[{"@type":"ListItem","position":1,"name":"Home","item":"https:\/\/bsac-egypt.com\/fr\/bsac-egypte\/"},{"@type":"ListItem","position":2,"name":"\u00c0 propos du British Sub Aqua Club BSAC","item":"https:\/\/bsac-egypt.com\/fr\/a-propos-du-british-sub-aqua-club-bsac\/"},{"@type":"ListItem","position":3,"name":"Passage \u00e0 la BSAC"}]},{"@type":"WebSite","@id":"https:\/\/bsac-egypt.com\/fr\/#website","url":"https:\/\/bsac-egypt.com\/fr\/","name":"BSAC Egypt","description":"","potentialAction":[{"@type":"SearchAction","target":{"@type":"EntryPoint","urlTemplate":"https:\/\/bsac-egypt.com\/fr\/?s={search_term_string}"},"query-input":{"@type":"PropertyValueSpecification","valueRequired":true,"valueName":"search_term_string"}}],"inLanguage":"fr-FR"}]}},"_links":{"self":[{"href":"https:\/\/bsac-egypt.com\/fr\/wp-json\/wp\/v2\/pages\/7048","targetHints":{"allow":["GET"]}}],"collection":[{"href":"https:\/\/bsac-egypt.com\/fr\/wp-json\/wp\/v2\/pages"}],"about":[{"href":"https:\/\/bsac-egypt.com\/fr\/wp-json\/wp\/v2\/types\/page"}],"author":[{"embeddable":true,"href":"https:\/\/bsac-egypt.com\/fr\/wp-json\/wp\/v2\/users\/1"}],"replies":[{"embeddable":true,"href":"https:\/\/bsac-egypt.com\/fr\/wp-json\/wp\/v2\/comments?post=7048"}],"version-history":[{"count":5,"href":"https:\/\/bsac-egypt.com\/fr\/wp-json\/wp\/v2\/pages\/7048\/revisions"}],"predecessor-version":[{"id":7098,"href":"https:\/\/bsac-egypt.com\/fr\/wp-json\/wp\/v2\/pages\/7048\/revisions\/7098"}],"up":[{"embeddable":true,"href":"https:\/\/bsac-egypt.com\/fr\/wp-json\/wp\/v2\/pages\/7362"}],"wp:attachment":[{"href":"https:\/\/bsac-egypt.com\/fr\/wp-json\/wp\/v2\/media?parent=7048"}],"curies":[{"name":"wp","href":"https:\/\/api.w.org\/{rel}","templated":true}]}}