{"id":6968,"date":"2024-02-01T00:42:04","date_gmt":"2024-02-01T00:42:04","guid":{"rendered":"https:\/\/bsac-egypt.com\/roczne-oplaty-za-odnowienie-bsac\/"},"modified":"2024-06-04T22:06:28","modified_gmt":"2024-06-04T22:06:28","slug":"roczne-oplaty-za-odnowienie-bsac","status":"publish","type":"page","link":"https:\/\/bsac-egypt.com\/pl\/roczne-oplaty-za-odnowienie-bsac\/","title":{"rendered":"Roczne op\u0142aty za odnowienie BSAC"},"content":{"rendered":"<div class=\"fusion-fullwidth fullwidth-box fusion-builder-row-1 fusion-flex-container has-pattern-background has-mask-background nonhundred-percent-fullwidth non-hundred-percent-height-scrolling\" style=\"background-color: rgba(255,255,255,0);background-position: center center;background-repeat: no-repeat;border-width: 0px 0px 0px 0px;border-color:#eae9e9;border-style:solid;\" ><div class=\"fusion-builder-row fusion-row fusion-flex-align-items-flex-start\" style=\"max-width:1216.8px;margin-left: calc(-4% \/ 2 );margin-right: calc(-4% \/ 2 );\"><div class=\"fusion-layout-column fusion_builder_column fusion-builder-column-0 fusion_builder_column_1_1 1_1 fusion-flex-column\"><div class=\"fusion-column-wrapper fusion-flex-justify-content-flex-start fusion-content-layout-column\" style=\"background-position:left top;background-repeat:no-repeat;-webkit-background-size:cover;-moz-background-size:cover;-o-background-size:cover;background-size:cover;padding: 0px 0px 0px 0px;\"><div class=\"fusion-text fusion-text-1\"><table style=\"width: 960px;\" border=\"1\" cellspacing=\"1\" cellpadding=\"1\" align=\"left\">\n<tbody>\n<tr>\n<td>Instruktor w\u00f3d otwartych (OWIC)<\/td>\n<td>80 GBP \/ 100 GBP (w tym o2)<\/td>\n<\/tr>\n<tr>\n<td>Lider nurkowania<\/td>\n<td>60 GBP \/ 80 GBP (w tym o2)<\/td>\n<\/tr>\n<tr>\n<td>Snorkel Dive Manager (SDM)<\/td>\n<td>40 GBP \/ 60 GBP (w tym o2)<\/td>\n<\/tr>\n<\/tbody>\n<\/table>\n<hr>\n<p>Aby uzyska\u0107 wi\u0119cej informacji na temat rocznych op\u0142at za odnowienie, prosimy o kontakt pod adresem +201288009643.<\/p>\n<\/div><\/div><style type=\"text\/css\">.fusion-body .fusion-builder-column-0{width:100% !important;margin-top : 0px;margin-bottom : 20px;}.fusion-builder-column-0 > .fusion-column-wrapper {padding-top : 0px !important;padding-right : 0px !important;margin-right : 1.92%;padding-bottom : 0px !important;padding-left : 0px !important;margin-left : 1.92%;}@media only screen and (max-width:1024px) {.fusion-body .fusion-builder-column-0{width:100% !important;order : 0;}.fusion-builder-column-0 > .fusion-column-wrapper {margin-right : 1.92%;margin-left : 1.92%;}}@media only screen and (max-width:640px) {.fusion-body .fusion-builder-column-0{width:100% !important;order : 0;}.fusion-builder-column-0 > .fusion-column-wrapper {margin-right : 1.92%;margin-left : 1.92%;}}<\/style><\/div><\/div><style type=\"text\/css\">.fusion-body .fusion-flex-container.fusion-builder-row-1{ padding-top : 0px;margin-top : 0px;padding-right : 0px;padding-bottom : 0px;margin-bottom : 0px;padding-left : 0px;}<\/style><\/div>\n","protected":false},"excerpt":{"rendered":"","protected":false},"author":1,"featured_media":0,"parent":0,"menu_order":0,"comment_status":"closed","ping_status":"closed","template":"100-width.php","meta":{"om_disable_all_campaigns":false,"_monsterinsights_skip_tracking":false,"_monsterinsights_sitenote_active":false,"_monsterinsights_sitenote_note":"","_monsterinsights_sitenote_category":0,"footnotes":""},"class_list":["post-6968","page","type-page","status-publish","hentry"],"yoast_head":"<!-- This site is optimized with the Yoast SEO plugin v27.4 - https:\/\/yoast.com\/product\/yoast-seo-wordpress\/ -->\n<title>Roczne op\u0142aty za odnowienie BSAC - BSAC Egypt<\/title>\n<meta name=\"robots\" content=\"index, follow, max-snippet:-1, max-image-preview:large, max-video-preview:-1\" \/>\n<link rel=\"canonical\" href=\"https:\/\/bsac-egypt.com\/pl\/roczne-oplaty-za-odnowienie-bsac\/\" \/>\n<meta property=\"og:locale\" content=\"pl_PL\" \/>\n<meta property=\"og:type\" content=\"article\" \/>\n<meta property=\"og:title\" content=\"Roczne op\u0142aty za odnowienie BSAC - BSAC Egypt\" \/>\n<meta property=\"og:url\" content=\"https:\/\/bsac-egypt.com\/pl\/roczne-oplaty-za-odnowienie-bsac\/\" \/>\n<meta property=\"og:site_name\" content=\"BSAC Egypt\" \/>\n<meta property=\"article:modified_time\" content=\"2024-06-04T22:06:28+00:00\" \/>\n<meta name=\"twitter:card\" content=\"summary_large_image\" \/>\n<meta name=\"twitter:label1\" content=\"Szacowany czas czytania\" \/>\n\t<meta name=\"twitter:data1\" content=\"4 minuty\" \/>\n<script type=\"application\/ld+json\" class=\"yoast-schema-graph\">{\"@context\":\"https:\\\/\\\/schema.org\",\"@graph\":[{\"@type\":\"WebPage\",\"@id\":\"https:\\\/\\\/bsac-egypt.com\\\/pl\\\/roczne-oplaty-za-odnowienie-bsac\\\/\",\"url\":\"https:\\\/\\\/bsac-egypt.com\\\/pl\\\/roczne-oplaty-za-odnowienie-bsac\\\/\",\"name\":\"Roczne op\u0142aty za odnowienie BSAC - BSAC Egypt\",\"isPartOf\":{\"@id\":\"https:\\\/\\\/bsac-egypt.com\\\/pl\\\/#website\"},\"datePublished\":\"2024-02-01T00:42:04+00:00\",\"dateModified\":\"2024-06-04T22:06:28+00:00\",\"breadcrumb\":{\"@id\":\"https:\\\/\\\/bsac-egypt.com\\\/pl\\\/roczne-oplaty-za-odnowienie-bsac\\\/#breadcrumb\"},\"inLanguage\":\"pl-PL\",\"potentialAction\":[{\"@type\":\"ReadAction\",\"target\":[\"https:\\\/\\\/bsac-egypt.com\\\/pl\\\/roczne-oplaty-za-odnowienie-bsac\\\/\"]}]},{\"@type\":\"BreadcrumbList\",\"@id\":\"https:\\\/\\\/bsac-egypt.com\\\/pl\\\/roczne-oplaty-za-odnowienie-bsac\\\/#breadcrumb\",\"itemListElement\":[{\"@type\":\"ListItem\",\"position\":1,\"name\":\"Home\",\"item\":\"https:\\\/\\\/bsac-egypt.com\\\/pl\\\/bsac-egipt\\\/\"},{\"@type\":\"ListItem\",\"position\":2,\"name\":\"Roczne op\u0142aty za odnowienie BSAC\"}]},{\"@type\":\"WebSite\",\"@id\":\"https:\\\/\\\/bsac-egypt.com\\\/pl\\\/#website\",\"url\":\"https:\\\/\\\/bsac-egypt.com\\\/pl\\\/\",\"name\":\"BSAC Egypt\",\"description\":\"\",\"potentialAction\":[{\"@type\":\"SearchAction\",\"target\":{\"@type\":\"EntryPoint\",\"urlTemplate\":\"https:\\\/\\\/bsac-egypt.com\\\/pl\\\/?s={search_term_string}\"},\"query-input\":{\"@type\":\"PropertyValueSpecification\",\"valueRequired\":true,\"valueName\":\"search_term_string\"}}],\"inLanguage\":\"pl-PL\"}]}<\/script>\n<!-- \/ Yoast SEO plugin. -->","yoast_head_json":{"title":"Roczne op\u0142aty za odnowienie BSAC - BSAC Egypt","robots":{"index":"index","follow":"follow","max-snippet":"max-snippet:-1","max-image-preview":"max-image-preview:large","max-video-preview":"max-video-preview:-1"},"canonical":"https:\/\/bsac-egypt.com\/pl\/roczne-oplaty-za-odnowienie-bsac\/","og_locale":"pl_PL","og_type":"article","og_title":"Roczne op\u0142aty za odnowienie BSAC - BSAC Egypt","og_url":"https:\/\/bsac-egypt.com\/pl\/roczne-oplaty-za-odnowienie-bsac\/","og_site_name":"BSAC Egypt","article_modified_time":"2024-06-04T22:06:28+00:00","twitter_card":"summary_large_image","twitter_misc":{"Szacowany czas czytania":"4 minuty"},"schema":{"@context":"https:\/\/schema.org","@graph":[{"@type":"WebPage","@id":"https:\/\/bsac-egypt.com\/pl\/roczne-oplaty-za-odnowienie-bsac\/","url":"https:\/\/bsac-egypt.com\/pl\/roczne-oplaty-za-odnowienie-bsac\/","name":"Roczne op\u0142aty za odnowienie BSAC - BSAC Egypt","isPartOf":{"@id":"https:\/\/bsac-egypt.com\/pl\/#website"},"datePublished":"2024-02-01T00:42:04+00:00","dateModified":"2024-06-04T22:06:28+00:00","breadcrumb":{"@id":"https:\/\/bsac-egypt.com\/pl\/roczne-oplaty-za-odnowienie-bsac\/#breadcrumb"},"inLanguage":"pl-PL","potentialAction":[{"@type":"ReadAction","target":["https:\/\/bsac-egypt.com\/pl\/roczne-oplaty-za-odnowienie-bsac\/"]}]},{"@type":"BreadcrumbList","@id":"https:\/\/bsac-egypt.com\/pl\/roczne-oplaty-za-odnowienie-bsac\/#breadcrumb","itemListElement":[{"@type":"ListItem","position":1,"name":"Home","item":"https:\/\/bsac-egypt.com\/pl\/bsac-egipt\/"},{"@type":"ListItem","position":2,"name":"Roczne op\u0142aty za odnowienie BSAC"}]},{"@type":"WebSite","@id":"https:\/\/bsac-egypt.com\/pl\/#website","url":"https:\/\/bsac-egypt.com\/pl\/","name":"BSAC Egypt","description":"","potentialAction":[{"@type":"SearchAction","target":{"@type":"EntryPoint","urlTemplate":"https:\/\/bsac-egypt.com\/pl\/?s={search_term_string}"},"query-input":{"@type":"PropertyValueSpecification","valueRequired":true,"valueName":"search_term_string"}}],"inLanguage":"pl-PL"}]}},"_links":{"self":[{"href":"https:\/\/bsac-egypt.com\/pl\/wp-json\/wp\/v2\/pages\/6968","targetHints":{"allow":["GET"]}}],"collection":[{"href":"https:\/\/bsac-egypt.com\/pl\/wp-json\/wp\/v2\/pages"}],"about":[{"href":"https:\/\/bsac-egypt.com\/pl\/wp-json\/wp\/v2\/types\/page"}],"author":[{"embeddable":true,"href":"https:\/\/bsac-egypt.com\/pl\/wp-json\/wp\/v2\/users\/1"}],"replies":[{"embeddable":true,"href":"https:\/\/bsac-egypt.com\/pl\/wp-json\/wp\/v2\/comments?post=6968"}],"version-history":[{"count":5,"href":"https:\/\/bsac-egypt.com\/pl\/wp-json\/wp\/v2\/pages\/6968\/revisions"}],"predecessor-version":[{"id":7025,"href":"https:\/\/bsac-egypt.com\/pl\/wp-json\/wp\/v2\/pages\/6968\/revisions\/7025"}],"wp:attachment":[{"href":"https:\/\/bsac-egypt.com\/pl\/wp-json\/wp\/v2\/media?parent=6968"}],"curies":[{"name":"wp","href":"https:\/\/api.w.org\/{rel}","templated":true}]}}