{"id":7037,"date":"2024-02-01T00:37:32","date_gmt":"2024-02-01T00:37:32","guid":{"rendered":"https:\/\/bsac-egypt.com\/czlonkostwo-w-bsac-i-koszty-materialow\/"},"modified":"2024-06-04T22:06:40","modified_gmt":"2024-06-04T22:06:40","slug":"czlonkostwo-w-bsac-i-koszty-materialow","status":"publish","type":"page","link":"https:\/\/bsac-egypt.com\/pl\/czlonkostwo-w-bsac-i-koszty-materialow\/","title":{"rendered":"Cz\u0142onkostwo w BSAC i koszty materia\u0142\u00f3w"},"content":{"rendered":"<div class=\"fusion-fullwidth fullwidth-box fusion-builder-row-1 fusion-flex-container has-pattern-background has-mask-background nonhundred-percent-fullwidth non-hundred-percent-height-scrolling\" style=\"background-color: rgba(255,255,255,0);background-position: center center;background-repeat: no-repeat;border-width: 0px 0px 0px 0px;border-color:#eae9e9;border-style:solid;\" ><div class=\"fusion-builder-row fusion-row fusion-flex-align-items-flex-start\" style=\"max-width:1216.8px;margin-left: calc(-4% \/ 2 );margin-right: calc(-4% \/ 2 );\"><div class=\"fusion-layout-column fusion_builder_column fusion-builder-column-0 fusion_builder_column_1_1 1_1 fusion-flex-column\"><div class=\"fusion-column-wrapper fusion-flex-justify-content-flex-start fusion-content-layout-column\" style=\"background-position:left top;background-repeat:no-repeat;-webkit-background-size:cover;-moz-background-size:cover;-o-background-size:cover;background-size:cover;padding: 0px 0px 0px 0px;\"><div class=\"fusion-text fusion-text-1\"><p><strong>Kursy nurkowania<\/strong><\/p>\n<table style=\"width: 800px; height: 176px;\" border=\"1\" cellspacing=\"1\" cellpadding=\"1\">\n<tbody>\n<tr>\n<td>Discovery Diver<\/td>\n<td style=\"text-align: center;\">\u00a335<\/td>\n<\/tr>\n<tr>\n<td>Ocean Diver<\/td>\n<td style=\"text-align: center;\">\u00a335<\/td>\n<\/tr>\n<tr>\n<td>Advanced Ocean<\/td>\n<td style=\"text-align: center;\">\u00a335<\/td>\n<\/tr>\n<tr>\n<td>Sport Diver<\/td>\n<td style=\"text-align: center;\">\u00a335<\/td>\n<\/tr>\n<tr>\n<td>Dive Leader<\/td>\n<td style=\"text-align: center;\">\u00a335<\/td>\n<\/tr>\n<tr>\n<td>Crossover to Dive Leader<\/td>\n<td style=\"text-align: center;\">60 GBP \/ 80 GBP (w tym O2)<\/td>\n<\/tr>\n<\/tbody>\n<\/table>\n<p><strong>Kursy nurkowania z rurk\u0105<\/strong><\/p>\n<table style=\"width: 800px;\" border=\"1\" cellspacing=\"1\" cellpadding=\"1\">\n<tbody>\n<tr>\n<td>\n  <strong>Snorkel Dive Manager (SDM)<\/strong>\n<\/td>\n<td>\u00a3120<\/td>\n<\/tr>\n<tr>\n<td>\n  <strong>Przej\u015bcie na SDM<\/strong>\n<\/td>\n<td>40 \u00a3 \/ 60 \u00a3 (w tym O2)<\/td>\n<\/tr>\n<\/tbody>\n<\/table>\n<p><strong>Kursy rozwoju umiej\u0119tno\u015bci<\/strong><\/p>\n<table style=\"width: 800px;\" border=\"1\" cellspacing=\"1\" cellpadding=\"1\" align=\"left\">\n<tbody>\n<tr>\n<td>\n  <strong>Administracja tlenem<\/strong>\n<\/td>\n<td>20 GBP (wa\u017cne przez 2 lata)<\/td>\n<\/tr>\n<\/tbody>\n<\/table>\n<p><strong>Kursy instruktorskie<\/strong><\/p>\n<table style=\"width: 800px;\" border=\"1\" cellspacing=\"1\" cellpadding=\"1\" align=\"left\">\n<tbody>\n<tr>\n<td>\n  <strong>Open Water Instructor (OWIC)<\/strong>\n<\/td>\n<td>600 GBP \/ 650 GBP (w tym O2)<\/td>\n<\/tr>\n<tr>\n<td>\n  <strong>Przej\u015bcie do OWIC<\/strong>\n<\/td>\n<td>150 \u00a3 \/ 200 \u00a3 (w tym o2)<\/td>\n<\/tr>\n<tr>\n<td>\n  <strong>Instruktor nurkowania<\/strong>\n<\/td>\n<td>\u00a3300<\/td>\n<\/tr>\n<tr>\n<td>\n  <strong>Zaawansowany instruktor nurkowania<\/strong>\n<\/td>\n<td>\u00a3300<\/td>\n<\/tr>\n<\/tbody>\n<\/table>\n<p><strong>Uwaga<\/strong><strong>: <\/strong>Op\u0142aty cz\u0142onkowskie obejmuj\u0105 ksi\u0105\u017ck\u0119 i certyfikat<\/p>\n<\/div><\/div><style type=\"text\/css\">.fusion-body .fusion-builder-column-0{width:100% !important;margin-top : 0px;margin-bottom : 20px;}.fusion-builder-column-0 > .fusion-column-wrapper {padding-top : 0px !important;padding-right : 0px !important;margin-right : 1.92%;padding-bottom : 0px !important;padding-left : 0px !important;margin-left : 1.92%;}@media only screen and (max-width:1024px) {.fusion-body .fusion-builder-column-0{width:100% !important;order : 0;}.fusion-builder-column-0 > .fusion-column-wrapper {margin-right : 1.92%;margin-left : 1.92%;}}@media only screen and (max-width:640px) {.fusion-body .fusion-builder-column-0{width:100% !important;order : 0;}.fusion-builder-column-0 > .fusion-column-wrapper {margin-right : 1.92%;margin-left : 1.92%;}}<\/style><\/div><\/div><style type=\"text\/css\">.fusion-body .fusion-flex-container.fusion-builder-row-1{ padding-top : 0px;margin-top : 0px;padding-right : 0px;padding-bottom : 0px;margin-bottom : 0px;padding-left : 0px;}<\/style><\/div>\n","protected":false},"excerpt":{"rendered":"","protected":false},"author":1,"featured_media":0,"parent":0,"menu_order":0,"comment_status":"closed","ping_status":"closed","template":"100-width.php","meta":{"om_disable_all_campaigns":false,"_monsterinsights_skip_tracking":false,"_monsterinsights_sitenote_active":false,"_monsterinsights_sitenote_note":"","_monsterinsights_sitenote_category":0,"footnotes":""},"class_list":["post-7037","page","type-page","status-publish","hentry"],"yoast_head":"<!-- This site is optimized with the Yoast SEO plugin v27.4 - https:\/\/yoast.com\/product\/yoast-seo-wordpress\/ -->\n<title>Cz\u0142onkostwo w BSAC i koszty materia\u0142\u00f3w - BSAC Egypt<\/title>\n<meta name=\"robots\" content=\"index, follow, max-snippet:-1, max-image-preview:large, max-video-preview:-1\" \/>\n<link rel=\"canonical\" href=\"https:\/\/bsac-egypt.com\/pl\/czlonkostwo-w-bsac-i-koszty-materialow\/\" \/>\n<meta property=\"og:locale\" content=\"pl_PL\" \/>\n<meta property=\"og:type\" content=\"article\" \/>\n<meta property=\"og:title\" content=\"Cz\u0142onkostwo w BSAC i koszty materia\u0142\u00f3w - BSAC Egypt\" \/>\n<meta property=\"og:url\" content=\"https:\/\/bsac-egypt.com\/pl\/czlonkostwo-w-bsac-i-koszty-materialow\/\" \/>\n<meta property=\"og:site_name\" content=\"BSAC Egypt\" \/>\n<meta property=\"article:modified_time\" content=\"2024-06-04T22:06:40+00:00\" \/>\n<meta name=\"twitter:card\" content=\"summary_large_image\" \/>\n<meta name=\"twitter:label1\" content=\"Szacowany czas czytania\" \/>\n\t<meta name=\"twitter:data1\" content=\"4 minuty\" \/>\n<script type=\"application\/ld+json\" class=\"yoast-schema-graph\">{\"@context\":\"https:\\\/\\\/schema.org\",\"@graph\":[{\"@type\":\"WebPage\",\"@id\":\"https:\\\/\\\/bsac-egypt.com\\\/pl\\\/czlonkostwo-w-bsac-i-koszty-materialow\\\/\",\"url\":\"https:\\\/\\\/bsac-egypt.com\\\/pl\\\/czlonkostwo-w-bsac-i-koszty-materialow\\\/\",\"name\":\"Cz\u0142onkostwo w BSAC i koszty materia\u0142\u00f3w - BSAC Egypt\",\"isPartOf\":{\"@id\":\"https:\\\/\\\/bsac-egypt.com\\\/pl\\\/#website\"},\"datePublished\":\"2024-02-01T00:37:32+00:00\",\"dateModified\":\"2024-06-04T22:06:40+00:00\",\"breadcrumb\":{\"@id\":\"https:\\\/\\\/bsac-egypt.com\\\/pl\\\/czlonkostwo-w-bsac-i-koszty-materialow\\\/#breadcrumb\"},\"inLanguage\":\"pl-PL\",\"potentialAction\":[{\"@type\":\"ReadAction\",\"target\":[\"https:\\\/\\\/bsac-egypt.com\\\/pl\\\/czlonkostwo-w-bsac-i-koszty-materialow\\\/\"]}]},{\"@type\":\"BreadcrumbList\",\"@id\":\"https:\\\/\\\/bsac-egypt.com\\\/pl\\\/czlonkostwo-w-bsac-i-koszty-materialow\\\/#breadcrumb\",\"itemListElement\":[{\"@type\":\"ListItem\",\"position\":1,\"name\":\"Home\",\"item\":\"https:\\\/\\\/bsac-egypt.com\\\/pl\\\/bsac-egipt\\\/\"},{\"@type\":\"ListItem\",\"position\":2,\"name\":\"Cz\u0142onkostwo w BSAC i koszty materia\u0142\u00f3w\"}]},{\"@type\":\"WebSite\",\"@id\":\"https:\\\/\\\/bsac-egypt.com\\\/pl\\\/#website\",\"url\":\"https:\\\/\\\/bsac-egypt.com\\\/pl\\\/\",\"name\":\"BSAC Egypt\",\"description\":\"\",\"potentialAction\":[{\"@type\":\"SearchAction\",\"target\":{\"@type\":\"EntryPoint\",\"urlTemplate\":\"https:\\\/\\\/bsac-egypt.com\\\/pl\\\/?s={search_term_string}\"},\"query-input\":{\"@type\":\"PropertyValueSpecification\",\"valueRequired\":true,\"valueName\":\"search_term_string\"}}],\"inLanguage\":\"pl-PL\"}]}<\/script>\n<!-- \/ Yoast SEO plugin. -->","yoast_head_json":{"title":"Cz\u0142onkostwo w BSAC i koszty materia\u0142\u00f3w - BSAC Egypt","robots":{"index":"index","follow":"follow","max-snippet":"max-snippet:-1","max-image-preview":"max-image-preview:large","max-video-preview":"max-video-preview:-1"},"canonical":"https:\/\/bsac-egypt.com\/pl\/czlonkostwo-w-bsac-i-koszty-materialow\/","og_locale":"pl_PL","og_type":"article","og_title":"Cz\u0142onkostwo w BSAC i koszty materia\u0142\u00f3w - BSAC Egypt","og_url":"https:\/\/bsac-egypt.com\/pl\/czlonkostwo-w-bsac-i-koszty-materialow\/","og_site_name":"BSAC Egypt","article_modified_time":"2024-06-04T22:06:40+00:00","twitter_card":"summary_large_image","twitter_misc":{"Szacowany czas czytania":"4 minuty"},"schema":{"@context":"https:\/\/schema.org","@graph":[{"@type":"WebPage","@id":"https:\/\/bsac-egypt.com\/pl\/czlonkostwo-w-bsac-i-koszty-materialow\/","url":"https:\/\/bsac-egypt.com\/pl\/czlonkostwo-w-bsac-i-koszty-materialow\/","name":"Cz\u0142onkostwo w BSAC i koszty materia\u0142\u00f3w - BSAC Egypt","isPartOf":{"@id":"https:\/\/bsac-egypt.com\/pl\/#website"},"datePublished":"2024-02-01T00:37:32+00:00","dateModified":"2024-06-04T22:06:40+00:00","breadcrumb":{"@id":"https:\/\/bsac-egypt.com\/pl\/czlonkostwo-w-bsac-i-koszty-materialow\/#breadcrumb"},"inLanguage":"pl-PL","potentialAction":[{"@type":"ReadAction","target":["https:\/\/bsac-egypt.com\/pl\/czlonkostwo-w-bsac-i-koszty-materialow\/"]}]},{"@type":"BreadcrumbList","@id":"https:\/\/bsac-egypt.com\/pl\/czlonkostwo-w-bsac-i-koszty-materialow\/#breadcrumb","itemListElement":[{"@type":"ListItem","position":1,"name":"Home","item":"https:\/\/bsac-egypt.com\/pl\/bsac-egipt\/"},{"@type":"ListItem","position":2,"name":"Cz\u0142onkostwo w BSAC i koszty materia\u0142\u00f3w"}]},{"@type":"WebSite","@id":"https:\/\/bsac-egypt.com\/pl\/#website","url":"https:\/\/bsac-egypt.com\/pl\/","name":"BSAC Egypt","description":"","potentialAction":[{"@type":"SearchAction","target":{"@type":"EntryPoint","urlTemplate":"https:\/\/bsac-egypt.com\/pl\/?s={search_term_string}"},"query-input":{"@type":"PropertyValueSpecification","valueRequired":true,"valueName":"search_term_string"}}],"inLanguage":"pl-PL"}]}},"_links":{"self":[{"href":"https:\/\/bsac-egypt.com\/pl\/wp-json\/wp\/v2\/pages\/7037","targetHints":{"allow":["GET"]}}],"collection":[{"href":"https:\/\/bsac-egypt.com\/pl\/wp-json\/wp\/v2\/pages"}],"about":[{"href":"https:\/\/bsac-egypt.com\/pl\/wp-json\/wp\/v2\/types\/page"}],"author":[{"embeddable":true,"href":"https:\/\/bsac-egypt.com\/pl\/wp-json\/wp\/v2\/users\/1"}],"replies":[{"embeddable":true,"href":"https:\/\/bsac-egypt.com\/pl\/wp-json\/wp\/v2\/comments?post=7037"}],"version-history":[{"count":5,"href":"https:\/\/bsac-egypt.com\/pl\/wp-json\/wp\/v2\/pages\/7037\/revisions"}],"predecessor-version":[{"id":7089,"href":"https:\/\/bsac-egypt.com\/pl\/wp-json\/wp\/v2\/pages\/7037\/revisions\/7089"}],"wp:attachment":[{"href":"https:\/\/bsac-egypt.com\/pl\/wp-json\/wp\/v2\/media?parent=7037"}],"curies":[{"name":"wp","href":"https:\/\/api.w.org\/{rel}","templated":true}]}}