{"id":7038,"date":"2024-02-01T00:38:29","date_gmt":"2024-02-01T00:38:29","guid":{"rendered":"https:\/\/bsac-egypt.com\/przejscie-do-bsac\/"},"modified":"2024-06-04T22:06:40","modified_gmt":"2024-06-04T22:06:40","slug":"przejscie-do-bsac","status":"publish","type":"page","link":"https:\/\/bsac-egypt.com\/pl\/przejscie-do-bsac\/","title":{"rendered":"Przej\u015bcie do BSAC"},"content":{"rendered":"<div class=\"fusion-fullwidth fullwidth-box fusion-builder-row-1 fusion-flex-container has-pattern-background has-mask-background nonhundred-percent-fullwidth non-hundred-percent-height-scrolling\" style=\"background-color: rgba(255,255,255,0);background-position: center center;background-repeat: no-repeat;border-width: 0px 0px 0px 0px;border-color:#eae9e9;border-style:solid;\" ><div class=\"fusion-builder-row fusion-row fusion-flex-align-items-flex-start\" style=\"max-width:1216.8px;margin-left: calc(-4% \/ 2 );margin-right: calc(-4% \/ 2 );\"><div class=\"fusion-layout-column fusion_builder_column fusion-builder-column-0 fusion_builder_column_1_1 1_1 fusion-flex-column\"><div class=\"fusion-column-wrapper fusion-flex-justify-content-flex-start fusion-content-layout-column\" style=\"background-position:left top;background-repeat:no-repeat;-webkit-background-size:cover;-moz-background-size:cover;-o-background-size:cover;background-size:cover;padding: 0px 0px 0px 0px;\"><div class=\"fusion-text fusion-text-1\"><p><span style=\"font-weight: 400;\">Je\u015bli uzyska\u0142e\u015b kwalifikacje w PADI, SSI, SDI lub innej agencji, by\u0107 mo\u017ce masz zamiar wr\u00f3ci\u0107 do wody i nie wiesz od czego zacz\u0105\u0107? Je\u015bli tak, to jeste\u015b we w\u0142a\u015bciwym miejscu. Wspania\u0142\u0105 rzecz\u0105 w byciu ju\u017c wykwalifikowanym (a tak\u017ce, miejmy nadziej\u0119, pasj\u0105 do sportu) jest to, \u017ce \u0142atwo jest przej\u015b\u0107 do BSAC. Kwalifikacje innych agencji s\u0105 uznawane (PADI, SSI, SDI itp.) i dalsze szkolenie nie jest konieczne, chyba \u017ce chcesz przej\u015b\u0107 na bardziej zaawansowane szkolenie nurkowe.<\/span><\/p>\n<p><span style=\"font-weight: 400;\">Je\u015bli chcesz kontynuowa\u0107 szkolenie z bardziej zaawansowanym certyfikatem nurkowym, Tw\u00f3j stopie\u0144 nurka jest uznawany, dzi\u0119ki czemu mo\u017cesz przej\u015b\u0107 do nast\u0119pnego wy\u017cszego stopnia BSAC (nie musisz si\u0119 przekwalifikowywa\u0107, mo\u017cesz po prostu przej\u015b\u0107 dalej).<\/span><\/p>\n<ul>\n<li style=\"font-weight: 400;\" aria-level=\"1\"><span style=\"font-weight: 400;\">Posiadasz certyfikat PADI Open Water? Ta kwalifikacja jest podobna do:  <\/span><a href=\"https:\/\/www.bsac.com\/training\/diver-grade-courses\/ocean-diver\/\"><span style=\"font-weight: 400;\">BSAC Ocean Diver<\/span><\/a><\/li>\n<li style=\"font-weight: 400;\" aria-level=\"1\"><span style=\"font-weight: 400;\">Posiadasz certyfikat PADI Advanced Open Water? Ta kwalifikacja jest podobna do:  <\/span><a href=\"https:\/\/www.bsac.com\/training\/diver-grade-courses\/ocean-diver\/\"><span style=\"font-weight: 400;\">BSAC Advanced Ocean Diver<\/span><\/a><\/li>\n<li style=\"font-weight: 400;\" aria-level=\"1\"><span style=\"font-weight: 400;\">Posiadasz certyfikat ratownika PADI? Ta kwalifikacja jest podobna do:  <\/span><a href=\"https:\/\/www.bsac.com\/training\/diver-grade-courses\/ocean-diver\/\"><span style=\"font-weight: 400;\">BSAC Sport Diver<\/span><\/a><span style=\"font-weight: 400;\"> <\/span><\/li>\n<li style=\"font-weight: 400;\" aria-level=\"1\"><span style=\"font-weight: 400;\">Posiadasz certyfikat PADI Dive Master? Ta kwalifikacja jest podobna do BSAC Dive Leader<\/span><\/li>\n<li style=\"font-weight: 400;\" aria-level=\"1\"><span style=\"font-weight: 400;\">Posiadasz certyfikat PADI Snorkel Guide? Kwalifikacja ta jest podobna do kwalifikacji BSAC Snorkel Dive Manager  <\/span><\/li>\n<\/ul>\n<p><span style=\"font-weight: 400;\">A co z crossoverem i progresj\u0105 instruktor\u00f3w?<\/span><\/p>\n<p><span style=\"font-weight: 400;\">Instruktorzy b\u0119d\u0105 musieli wzi\u0105\u0107 udzia\u0142 w kursie crossover, je\u015bli chc\u0105 rozpocz\u0105\u0107 prowadzenie kurs\u00f3w BSAC. BSAC zaprasza instruktor\u00f3w ze wszystkich agencji do przy\u0142\u0105czenia si\u0119 i przej\u015bcia, a nawet podniesienia swoich stopni instruktorskich poza Open Water Instructor do Advanced Instructor i National Instructor.<\/span><\/p>\n<p><b>Aby uzyska\u0107 wi\u0119cej informacji na temat przej\u015bcia do BSAC, prosimy o kontakt pod adresem +201010122548<\/b><\/p>\n<\/div><\/div><style type=\"text\/css\">.fusion-body .fusion-builder-column-0{width:100% !important;margin-top : 0px;margin-bottom : 20px;}.fusion-builder-column-0 > .fusion-column-wrapper {padding-top : 0px !important;padding-right : 0px !important;margin-right : 1.92%;padding-bottom : 0px !important;padding-left : 0px !important;margin-left : 1.92%;}@media only screen and (max-width:1024px) {.fusion-body .fusion-builder-column-0{width:100% !important;order : 0;}.fusion-builder-column-0 > .fusion-column-wrapper {margin-right : 1.92%;margin-left : 1.92%;}}@media only screen and (max-width:640px) {.fusion-body .fusion-builder-column-0{width:100% !important;order : 0;}.fusion-builder-column-0 > .fusion-column-wrapper {margin-right : 1.92%;margin-left : 1.92%;}}<\/style><\/div><\/div><style type=\"text\/css\">.fusion-body .fusion-flex-container.fusion-builder-row-1{ padding-top : 0px;margin-top : 0px;padding-right : 0px;padding-bottom : 0px;margin-bottom : 0px;padding-left : 0px;}<\/style><\/div>\n","protected":false},"excerpt":{"rendered":"","protected":false},"author":1,"featured_media":0,"parent":0,"menu_order":0,"comment_status":"closed","ping_status":"closed","template":"100-width.php","meta":{"om_disable_all_campaigns":false,"_monsterinsights_skip_tracking":false,"_monsterinsights_sitenote_active":false,"_monsterinsights_sitenote_note":"","_monsterinsights_sitenote_category":0,"footnotes":""},"class_list":["post-7038","page","type-page","status-publish","hentry"],"yoast_head":"<!-- This site is optimized with the Yoast SEO plugin v27.4 - https:\/\/yoast.com\/product\/yoast-seo-wordpress\/ -->\n<title>Przej\u015bcie do BSAC - BSAC Egypt<\/title>\n<meta name=\"robots\" content=\"index, follow, max-snippet:-1, max-image-preview:large, max-video-preview:-1\" \/>\n<link rel=\"canonical\" href=\"https:\/\/bsac-egypt.com\/pl\/przejscie-do-bsac\/\" \/>\n<meta property=\"og:locale\" content=\"pl_PL\" \/>\n<meta property=\"og:type\" content=\"article\" \/>\n<meta property=\"og:title\" content=\"Przej\u015bcie do BSAC - BSAC Egypt\" \/>\n<meta property=\"og:url\" content=\"https:\/\/bsac-egypt.com\/pl\/przejscie-do-bsac\/\" \/>\n<meta property=\"og:site_name\" content=\"BSAC Egypt\" \/>\n<meta property=\"article:modified_time\" content=\"2024-06-04T22:06:40+00:00\" \/>\n<meta name=\"twitter:card\" content=\"summary_large_image\" \/>\n<meta name=\"twitter:label1\" content=\"Szacowany czas czytania\" \/>\n\t<meta name=\"twitter:data1\" content=\"5 minut\" \/>\n<script type=\"application\/ld+json\" class=\"yoast-schema-graph\">{\"@context\":\"https:\\\/\\\/schema.org\",\"@graph\":[{\"@type\":\"WebPage\",\"@id\":\"https:\\\/\\\/bsac-egypt.com\\\/pl\\\/przejscie-do-bsac\\\/\",\"url\":\"https:\\\/\\\/bsac-egypt.com\\\/pl\\\/przejscie-do-bsac\\\/\",\"name\":\"Przej\u015bcie do BSAC - BSAC Egypt\",\"isPartOf\":{\"@id\":\"https:\\\/\\\/bsac-egypt.com\\\/pl\\\/#website\"},\"datePublished\":\"2024-02-01T00:38:29+00:00\",\"dateModified\":\"2024-06-04T22:06:40+00:00\",\"breadcrumb\":{\"@id\":\"https:\\\/\\\/bsac-egypt.com\\\/pl\\\/przejscie-do-bsac\\\/#breadcrumb\"},\"inLanguage\":\"pl-PL\",\"potentialAction\":[{\"@type\":\"ReadAction\",\"target\":[\"https:\\\/\\\/bsac-egypt.com\\\/pl\\\/przejscie-do-bsac\\\/\"]}]},{\"@type\":\"BreadcrumbList\",\"@id\":\"https:\\\/\\\/bsac-egypt.com\\\/pl\\\/przejscie-do-bsac\\\/#breadcrumb\",\"itemListElement\":[{\"@type\":\"ListItem\",\"position\":1,\"name\":\"Home\",\"item\":\"https:\\\/\\\/bsac-egypt.com\\\/pl\\\/bsac-egipt\\\/\"},{\"@type\":\"ListItem\",\"position\":2,\"name\":\"Przej\u015bcie do BSAC\"}]},{\"@type\":\"WebSite\",\"@id\":\"https:\\\/\\\/bsac-egypt.com\\\/pl\\\/#website\",\"url\":\"https:\\\/\\\/bsac-egypt.com\\\/pl\\\/\",\"name\":\"BSAC Egypt\",\"description\":\"\",\"potentialAction\":[{\"@type\":\"SearchAction\",\"target\":{\"@type\":\"EntryPoint\",\"urlTemplate\":\"https:\\\/\\\/bsac-egypt.com\\\/pl\\\/?s={search_term_string}\"},\"query-input\":{\"@type\":\"PropertyValueSpecification\",\"valueRequired\":true,\"valueName\":\"search_term_string\"}}],\"inLanguage\":\"pl-PL\"}]}<\/script>\n<!-- \/ Yoast SEO plugin. -->","yoast_head_json":{"title":"Przej\u015bcie do BSAC - BSAC Egypt","robots":{"index":"index","follow":"follow","max-snippet":"max-snippet:-1","max-image-preview":"max-image-preview:large","max-video-preview":"max-video-preview:-1"},"canonical":"https:\/\/bsac-egypt.com\/pl\/przejscie-do-bsac\/","og_locale":"pl_PL","og_type":"article","og_title":"Przej\u015bcie do BSAC - BSAC Egypt","og_url":"https:\/\/bsac-egypt.com\/pl\/przejscie-do-bsac\/","og_site_name":"BSAC Egypt","article_modified_time":"2024-06-04T22:06:40+00:00","twitter_card":"summary_large_image","twitter_misc":{"Szacowany czas czytania":"5 minut"},"schema":{"@context":"https:\/\/schema.org","@graph":[{"@type":"WebPage","@id":"https:\/\/bsac-egypt.com\/pl\/przejscie-do-bsac\/","url":"https:\/\/bsac-egypt.com\/pl\/przejscie-do-bsac\/","name":"Przej\u015bcie do BSAC - BSAC Egypt","isPartOf":{"@id":"https:\/\/bsac-egypt.com\/pl\/#website"},"datePublished":"2024-02-01T00:38:29+00:00","dateModified":"2024-06-04T22:06:40+00:00","breadcrumb":{"@id":"https:\/\/bsac-egypt.com\/pl\/przejscie-do-bsac\/#breadcrumb"},"inLanguage":"pl-PL","potentialAction":[{"@type":"ReadAction","target":["https:\/\/bsac-egypt.com\/pl\/przejscie-do-bsac\/"]}]},{"@type":"BreadcrumbList","@id":"https:\/\/bsac-egypt.com\/pl\/przejscie-do-bsac\/#breadcrumb","itemListElement":[{"@type":"ListItem","position":1,"name":"Home","item":"https:\/\/bsac-egypt.com\/pl\/bsac-egipt\/"},{"@type":"ListItem","position":2,"name":"Przej\u015bcie do BSAC"}]},{"@type":"WebSite","@id":"https:\/\/bsac-egypt.com\/pl\/#website","url":"https:\/\/bsac-egypt.com\/pl\/","name":"BSAC Egypt","description":"","potentialAction":[{"@type":"SearchAction","target":{"@type":"EntryPoint","urlTemplate":"https:\/\/bsac-egypt.com\/pl\/?s={search_term_string}"},"query-input":{"@type":"PropertyValueSpecification","valueRequired":true,"valueName":"search_term_string"}}],"inLanguage":"pl-PL"}]}},"_links":{"self":[{"href":"https:\/\/bsac-egypt.com\/pl\/wp-json\/wp\/v2\/pages\/7038","targetHints":{"allow":["GET"]}}],"collection":[{"href":"https:\/\/bsac-egypt.com\/pl\/wp-json\/wp\/v2\/pages"}],"about":[{"href":"https:\/\/bsac-egypt.com\/pl\/wp-json\/wp\/v2\/types\/page"}],"author":[{"embeddable":true,"href":"https:\/\/bsac-egypt.com\/pl\/wp-json\/wp\/v2\/users\/1"}],"replies":[{"embeddable":true,"href":"https:\/\/bsac-egypt.com\/pl\/wp-json\/wp\/v2\/comments?post=7038"}],"version-history":[{"count":5,"href":"https:\/\/bsac-egypt.com\/pl\/wp-json\/wp\/v2\/pages\/7038\/revisions"}],"predecessor-version":[{"id":7097,"href":"https:\/\/bsac-egypt.com\/pl\/wp-json\/wp\/v2\/pages\/7038\/revisions\/7097"}],"wp:attachment":[{"href":"https:\/\/bsac-egypt.com\/pl\/wp-json\/wp\/v2\/media?parent=7038"}],"curies":[{"name":"wp","href":"https:\/\/api.w.org\/{rel}","templated":true}]}}